{"id":20568,"date":"2025-04-29T18:43:55","date_gmt":"2025-04-29T16:43:55","guid":{"rendered":"https:\/\/spainfreetours.com\/transparencia\/"},"modified":"2026-03-03T13:20:44","modified_gmt":"2026-03-03T12:20:44","slug":"transparency","status":"publish","type":"page","link":"https:\/\/spainfreetours.com\/en\/transparency\/","title":{"rendered":"Transparencia"},"content":{"rendered":"<h2>Informaci\u00f3n sobre Subvenciones Recibidas<\/h2>\n<p>En cumplimiento de las obligaciones de transparencia seg\u00fan lo dispuesto en el apartado 1 de la letra k) del resuelvo decimosexto de la Resoluci\u00f3n de 28 de diciembre de 2022, y en los t\u00e9rminos previstos en los principios generales del art\u00edculo 5 de la Ley 19\/2013, de 9 de diciembre, de Transparencia, Acceso a la informaci\u00f3n p\u00fablica y buen gobierno, la informaci\u00f3n institucional y organizativa del art\u00edculo 6 y la econ\u00f3mica y presupuestaria del art\u00edculo 8 de esta norma, se informa:<\/p>\n<ul>\n<li><strong>Subvenci\u00f3n concedida:<\/strong> 57.456 euros<\/li>\n<li><strong>N\u00famero de expediente:<\/strong> ECOGJU\/2023\/971\/46<\/li>\n<li><strong>Organismo concedente:<\/strong> LABORA \u2013 Servicio Valenciano de Empleo y Formaci\u00f3n (Generalitat Valenciana)<\/li>\n<li><strong>Programa:<\/strong> ECOGJU 2023 \u2013 Programa de fomento de la contrataci\u00f3n indefinida de personas j\u00f3venes cualificadas, inscritas en el Sistema Nacional de Garant\u00eda Juvenil en el \u00e1mbito de la Comunidad Valenciana.<\/li>\n<\/ul>\n<h3>Finalidad de la subvenci\u00f3n<\/h3>\n<p>La ayuda ha sido destinada a fomentar el empleo indefinido de dos personas j\u00f3venes cualificadas, distribuy\u00e9ndose el importe subvencionado en un 50% para la contrataci\u00f3n de una primera persona y el 50% restante para la contrataci\u00f3n de una segunda persona.<\/p>\n<h3>Sobre la empresa<\/h3>\n<p><strong>SPAIN FREE TOURS SL<\/strong>, con CIF <strong>B98807423<\/strong> y domicilio social en <strong>CL ORIENTE 30, 46006 VALENCIA<\/strong>, es una empresa dedicada a la gesti\u00f3n cultural, visitas guiadas, y actividades propias de las agencias tur\u00edsticas. La ayuda aqu\u00ed mencionada ha sido destinada a la contrataci\u00f3n de dos personas para ejercer la actividad de gu\u00edas tur\u00edsticos.<\/p>\n<p>Esta actuaci\u00f3n contribuye a la mejora del empleo juvenil en la Comunidad Valenciana.<\/p>\n","protected":false},"excerpt":{"rendered":"<p>Informaci\u00f3n sobre Subvenciones Recibidas En cumplimiento de las obligaciones de transparencia seg\u00fan lo dispuesto en el apartado 1 de la letra k) del resuelvo decimosexto de la Resoluci\u00f3n de 28 de diciembre de 2022, y en los t\u00e9rminos previstos en los principios generales del art\u00edculo 5 de la Ley 19\/2013, de 9 de diciembre, de [&hellip;]<\/p>\n","protected":false},"author":10,"featured_media":0,"parent":0,"menu_order":0,"comment_status":"closed","ping_status":"closed","template":"","meta":{"_jet_sm_ready_style":"","_jet_sm_style":"","_jet_sm_controls_values":"","_jet_sm_fonts_collection":"","_jet_sm_fonts_links":"","_joinchat":[],"footnotes":""},"wf_page_folders":[],"class_list":["post-20568","page","type-page","status-publish","hentry"],"custom-ciudades":null,"_links":{"self":[{"href":"https:\/\/spainfreetours.com\/en\/wp-json\/wp\/v2\/pages\/20568","targetHints":{"allow":["GET"]}}],"collection":[{"href":"https:\/\/spainfreetours.com\/en\/wp-json\/wp\/v2\/pages"}],"about":[{"href":"https:\/\/spainfreetours.com\/en\/wp-json\/wp\/v2\/types\/page"}],"author":[{"embeddable":true,"href":"https:\/\/spainfreetours.com\/en\/wp-json\/wp\/v2\/users\/10"}],"replies":[{"embeddable":true,"href":"https:\/\/spainfreetours.com\/en\/wp-json\/wp\/v2\/comments?post=20568"}],"version-history":[{"count":1,"href":"https:\/\/spainfreetours.com\/en\/wp-json\/wp\/v2\/pages\/20568\/revisions"}],"predecessor-version":[{"id":20570,"href":"https:\/\/spainfreetours.com\/en\/wp-json\/wp\/v2\/pages\/20568\/revisions\/20570"}],"wp:attachment":[{"href":"https:\/\/spainfreetours.com\/en\/wp-json\/wp\/v2\/media?parent=20568"}],"wp:term":[{"taxonomy":"wf_page_folders","embeddable":true,"href":"https:\/\/spainfreetours.com\/en\/wp-json\/wp\/v2\/wf_page_folders?post=20568"}],"curies":[{"name":"wp","href":"https:\/\/api.w.org\/{rel}","templated":true}]}}