{"id":20567,"date":"2023-02-22T11:02:27","date_gmt":"2023-02-22T10:02:27","guid":{"rendered":"https:\/\/spainfreetours.com\/terminos-y-condiciones\/"},"modified":"2026-03-03T13:20:24","modified_gmt":"2026-03-03T12:20:24","slug":"terms","status":"publish","type":"page","link":"https:\/\/spainfreetours.com\/en\/terms\/","title":{"rendered":"T\u00e9rminos y condiciones"},"content":{"rendered":"<p><!-- T\u00e9rminos y Condiciones --><\/p>\n<h1>T\u00c9RMINOS Y CONDICIONES<\/h1>\n<p>\u00a1Hola y bienvenidos a SPAIN FREE TOURS!<\/p>\n<p>\u00bfListos para embarcarse en una aventura inolvidable por las maravillas de Espa\u00f1a? Antes de empezar a descubrir todos los secretos y encantos de nuestras ciudades, hay algunas cositas importantes que deb\u00e9is saber. Aqu\u00ed os presento los t\u00e9rminos y condiciones para el uso de nuestra web <a href=\"https:\/\/spainfreetours.com\/en\/\">https:\/\/spainfreetours.com\/<\/a> y todos los fabulosos servicios que ofrecemos.<\/p>\n<p>Te pedimos que leas atentamente estas Condiciones y nuestra Pol\u00edtica de Privacidad y Cookies antes de usar esta p\u00e1gina web.<\/p>\n<p>Si en alg\u00fan momento sientes que necesitas m\u00e1s informaci\u00f3n sobre las Condiciones o la Pol\u00edtica de Privacidad y Cookies, no dudes en contactarnos. Estamos aqu\u00ed para ayudarte a que tu recorrido sea tan placentero como un paseo por las callecitas empedradas de Sevilla o tan impresionante como la vista desde la Alhambra.<\/p>\n<p>\u00a1Esperamos verte pronto en uno de nuestros tours y compartir juntos la magia de Espa\u00f1a!<\/p>\n<h2>NUESTROS DATOS<\/h2>\n<p><strong>NOMBRE:<\/strong> SPAIN FREE TOURS C.L.<\/p>\n<p><strong>CIF:<\/strong> B-98.807.423<\/p>\n<p><strong>DIRECCI\u00d3N:<\/strong> C\/ Oriente 30, 28, 46006 Valencia<\/p>\n<p><strong>CORREO ELECTR\u00d3NICO:<\/strong> <a href=\"mailto:direccion@spainfreetours.com\">direccion@spainfreetours.com<\/a><\/p>\n<p><strong>ATENCI\u00d3N AL CLIENTE:<\/strong> <a href=\"mailto:direccion@spainfreetours.com\">direccion@spainfreetours.com<\/a><\/p>\n<h2>DESCRIPCI\u00d3N DE SERVICIOS<\/h2>\n<p>En Spain Free Tours, nos dedicamos a ofrecer recorridos gratuitos en diversas ciudades de Espa\u00f1a, como Madrid, Valencia y Zaragoza. Nuestros tours son guiados por profesionales locales que comparten su conocimiento y pasi\u00f3n por la historia y la cultura de cada ciudad. Lo mejor de todo es que t\u00fa decides cu\u00e1nto pagar al final del tour, seg\u00fan tu nivel de satisfacci\u00f3n. Tambi\u00e9n ofrecemos tours privados, garantizando una experiencia personalizada y divertida para todas las edades. Disponibles en varios idiomas, nuestros tours se realizan durante todo el a\u00f1o y abarcan una amplia gama de temas, desde historia hasta leyendas locales.<\/p>\n<p>Cuando contratas nuestros servicios a trav\u00e9s de la p\u00e1gina web, te comprometes a lo siguiente:<\/p>\n<ul>\n<li><strong>Uso adecuado de la web:<\/strong> Utilizar nuestra p\u00e1gina solo para realizar consultas o contrataciones legalmente v\u00e1lidas. Nada de hacer reservas falsas o fraudulentas. Si detectamos algo raro, tendremos que anular la contrataci\u00f3n e informar a las autoridades pertinentes. \u00a1Queremos que todo sea claro y seguro!<\/li>\n<li><strong>Informaci\u00f3n veraz:<\/strong> Proporcionarnos tu direcci\u00f3n de correo electr\u00f3nico, direcci\u00f3n postal y otros datos de contacto de manera precisa y exacta. Necesitamos esta informaci\u00f3n para poder comunicarnos contigo si es necesario (consulta nuestra Pol\u00edtica de Privacidad para m\u00e1s detalles).<\/li>\n<li><strong>Datos completos:<\/strong> Si no nos facilitas toda la informaci\u00f3n necesaria, no podremos procesar tu solicitud. Nos reservamos el derecho de impedir el acceso a nuestra p\u00e1gina web o cancelar tu cuenta si tu comportamiento no cumple con estos t\u00e9rminos y condiciones o la normativa vigente.<\/li>\n<li><strong>Mayor\u00eda de edad:<\/strong> Al contratar un servicio a trav\u00e9s de nuestra p\u00e1gina, declaras ser mayor de 18 a\u00f1os y tener la capacidad legal para celebrar contratos.<\/li>\n<\/ul>\n<h2>DISPONIBILIDAD DEL SERVICIO<\/h2>\n<p>Los servicios que ofrecemos a trav\u00e9s de nuestra p\u00e1gina web est\u00e1n disponibles no solo en todo el territorio espa\u00f1ol, sino tambi\u00e9n fuera de \u00e9l. As\u00ed que, si est\u00e1s planeando un viaje a Espa\u00f1a desde otro pa\u00eds, \u00a1no hay problema! Puedes contratar nuestros servicios desde cualquier rinc\u00f3n del mundo. Nos encanta ofrecer nuestras experiencias tur\u00edsticas a nivel internacional.<\/p>\n<h2>C\u00d3MO REALIZAR UNA RESERVA<\/h2>\n<p>Primero, debes seguir nuestro sencillo procedimiento de reserva online. Navega por nuestra web y elige el tour o servicio que deseas disfrutar.<\/p>\n<p>Tras solicitar la reserva, recibir\u00e1s un correo electr\u00f3nico confirmando la recepci\u00f3n de su solicitud. Este correo ser\u00e1 su &#8220;Confirmaci\u00f3n de Reserva&#8221;.<\/p>\n<p>Te iremos informando sobre todos los detalles necesarios para realizar el tour. Esto puede incluir instrucciones espec\u00edficas sobre el punto de encuentro, horarios, y cualquier otra informaci\u00f3n relevante para que disfrutes al m\u00e1ximo de su experiencia.<\/p>\n<p>Nuestro tour es completamente gratuito. Al finalizar el recorrido, t\u00fa decides cu\u00e1nto quieres pagar seg\u00fan tu nivel de satisfacci\u00f3n. \u00a1Creemos que la mejor forma de valorar nuestro trabajo es a trav\u00e9s de su experiencia!<\/p>\n<h2>CORRECCI\u00d3N DE ERRORES<\/h2>\n<p>Si durante tu reserva detectas un error en la introducci\u00f3n de tus datos personales, puedes corregirlo contactando a nuestro servicio de atenci\u00f3n al cliente a trav\u00e9s del email indicado m\u00e1s arriba.<\/p>\n<h2>REQUISITOS T\u00c9CNICOS<\/h2>\n<p>Todo lo que necesitas es un dispositivo con conexi\u00f3n a internet y un navegador actualizado. \u00a1As\u00ed de sencillo! Con esto podr\u00e1s acceder a nuestra web y disfrutar de todos nuestros servicios sin problemas.<\/p>\n<h2>DISPONIBILIDAD DE LOS SERVICIOS<\/h2>\n<p>Todos nuestros tours est\u00e1n sujetos a disponibilidad. Si encontramos alguna dificultad en la organizaci\u00f3n del mismo, te informaremos lo antes posible. Queremos asegurarnos de que tu experiencia con nosotros sea lo m\u00e1s fluida posible.<\/p>\n<h2>CANCELACI\u00d3N DE RESERVAS<\/h2>\n<p>Si necesitas cancelar tu reserva, te pedimos que nos lo comuniques lo antes posible enviando un email a la direcci\u00f3n indicada m\u00e1s arriba. Esto es especialmente importante si la reserva puede afectar al resto del grupo que participa en el tour. Queremos que todos los participantes tengan la mejor experiencia posible.<\/p>\n<h2>EXENCI\u00d3N DE GARANT\u00cdA DE DISPONIBILIDAD CONTINUA<\/h2>\n<p>Aunque hacemos todo lo posible para asegurar que nuestra web y nuestros servicios est\u00e9n siempre disponibles, no podemos garantizar la disponibilidad continua de los mismos. Pueden ocurrir interrupciones debido a fallos t\u00e9cnicos, mantenimiento programado, reparaciones necesarias, circunstancias imprevistas o fuerza mayor, las cuales est\u00e1n fuera de nuestro control. Estos factores podr\u00edan afectar temporalmente el acceso a nuestros servicios.<\/p>\n<h2>GARANT\u00cdAS<\/h2>\n<p>Si realizas uno de nuestros tours, tienes derecho a medidas correctoras de forma gratuita en caso de falta de conformidad de los servicios. Ofrecemos garant\u00edas sobre los nuestros tours en los t\u00e9rminos legalmente establecidos.<\/p>\n<h2>PROPIEDAD INTELECTUAL E INDUSTRIAL<\/h2>\n<p>Reconoces que todo copyright, marca registrada y dem\u00e1s derechos de propiedad industrial e intelectual sobre los materiales o contenidos de nuestra p\u00e1gina web nos corresponden a nosotros o a quienes nos otorgaron licencia para su uso. Podr\u00e1s hacer uso de dicho material \u00fanicamente en la forma en que te lo autoricemos expresamente.<\/p>\n<h2>VIRUS, PIRATER\u00cdA Y OTROS ATAQUES INFORM\u00c1TICOS<\/h2>\n<p>No debes realizar un uso indebido de esta p\u00e1gina web mediante la introducci\u00f3n intencionada de virus, troyanos, gusanos, bombas l\u00f3gicas u otros programas da\u00f1inos. No intentes tener acceso no autorizado a esta p\u00e1gina web ni a sus servidores. En caso de incumplimiento de esta cl\u00e1usula, informaremos a las autoridades pertinentes y cooperaremos con ellas para descubrir la identidad del atacante.<\/p>\n<h2>LINKS DESDE NUESTRA P\u00c1GINA WEB<\/h2>\n<p>Los links a otras p\u00e1ginas web y materiales de terceros se facilitan solo a efectos informativos. No tenemos control sobre el contenido de esas p\u00e1ginas y no aceptamos responsabilidad alguna por cualquier da\u00f1o o p\u00e9rdida derivados de su uso.<\/p>\n<h2>NUESTRO DERECHO A MODIFICAR ESTAS CONDICIONES<\/h2>\n<p>Nos reservamos el derecho de modificar estos T\u00e9rminos y Condiciones. Las modificaciones no tendr\u00e1n car\u00e1cter retroactivo.<\/p>\n<h2>LEGISLACI\u00d3N APLICABLE Y JURISDICCI\u00d3N<\/h2>\n<p>El uso de nuestra p\u00e1gina web y nuestros servicios se regir\u00e1n por la legislaci\u00f3n espa\u00f1ola. Cualquier controversia ser\u00e1 sometida a la jurisdicci\u00f3n no exclusiva de los juzgados y tribunales espa\u00f1oles.<\/p>\n<h2>COMENTARIOS, SUGERENCIAS, QUEJAS Y RECLAMACIONES<\/h2>\n<p>Tus comentarios y sugerencias son muy bien recibidos. Por favor, env\u00edanos tus comentarios, sugerencias y consultas a trav\u00e9s de nuestras v\u00edas de contacto.<\/p>\n<p>Si tienes quejas o reclamaciones, puedes enviarlas a trav\u00e9s de nuestro servicio de atenci\u00f3n al cliente, y las atenderemos lo antes posible. Si como consumidor consideras que tus derechos han sido vulnerados, puedes solicitar una soluci\u00f3n extrajudicial de controversias. Si la compra se hizo online, tienes derecho a solicitar una resoluci\u00f3n extrajudicial a trav\u00e9s de <a href=\"http:\/\/ec.europa.eu\/consumers\/odr\/\" target=\"_blank\" rel=\"noopener\">http:\/\/ec.europa.eu\/consumers\/odr\/<\/a>.<\/p>\n<p><strong>Fecha de actualizaci\u00f3n:<\/strong> 31-5-24<\/p>\n","protected":false},"excerpt":{"rendered":"<p>T\u00c9RMINOS Y CONDICIONES \u00a1Hola y bienvenidos a SPAIN FREE TOURS! \u00bfListos para embarcarse en una aventura inolvidable por las maravillas de Espa\u00f1a? Antes de empezar a descubrir todos los secretos y encantos de nuestras ciudades, hay algunas cositas importantes que deb\u00e9is saber. Aqu\u00ed os presento los t\u00e9rminos y condiciones para el uso de nuestra web [&hellip;]<\/p>\n","protected":false},"author":3,"featured_media":0,"parent":0,"menu_order":0,"comment_status":"closed","ping_status":"closed","template":"","meta":{"_jet_sm_ready_style":"","_jet_sm_style":"","_jet_sm_controls_values":"","_jet_sm_fonts_collection":"","_jet_sm_fonts_links":"","_joinchat":[],"footnotes":""},"wf_page_folders":[],"class_list":["post-20567","page","type-page","status-publish","hentry"],"custom-ciudades":null,"_links":{"self":[{"href":"https:\/\/spainfreetours.com\/en\/wp-json\/wp\/v2\/pages\/20567","targetHints":{"allow":["GET"]}}],"collection":[{"href":"https:\/\/spainfreetours.com\/en\/wp-json\/wp\/v2\/pages"}],"about":[{"href":"https:\/\/spainfreetours.com\/en\/wp-json\/wp\/v2\/types\/page"}],"author":[{"embeddable":true,"href":"https:\/\/spainfreetours.com\/en\/wp-json\/wp\/v2\/users\/3"}],"replies":[{"embeddable":true,"href":"https:\/\/spainfreetours.com\/en\/wp-json\/wp\/v2\/comments?post=20567"}],"version-history":[{"count":1,"href":"https:\/\/spainfreetours.com\/en\/wp-json\/wp\/v2\/pages\/20567\/revisions"}],"predecessor-version":[{"id":20569,"href":"https:\/\/spainfreetours.com\/en\/wp-json\/wp\/v2\/pages\/20567\/revisions\/20569"}],"wp:attachment":[{"href":"https:\/\/spainfreetours.com\/en\/wp-json\/wp\/v2\/media?parent=20567"}],"wp:term":[{"taxonomy":"wf_page_folders","embeddable":true,"href":"https:\/\/spainfreetours.com\/en\/wp-json\/wp\/v2\/wf_page_folders?post=20567"}],"curies":[{"name":"wp","href":"https:\/\/api.w.org\/{rel}","templated":true}]}}