{"id":19494,"date":"2022-08-01T11:49:55","date_gmt":"2022-08-01T09:49:55","guid":{"rendered":"https:\/\/spainfreetours.com\/tours\/tenerife\/"},"modified":"2024-10-21T11:57:31","modified_gmt":"2024-10-21T09:57:31","slug":"tenerife","status":"publish","type":"page","link":"https:\/\/spainfreetours.com\/en\/tours\/tenerife\/","title":{"rendered":"Tenerife"},"content":{"rendered":"\t\t<div data-elementor-type=\"wp-post\" data-elementor-id=\"19494\" class=\"elementor elementor-19494 elementor-6672\" data-elementor-post-type=\"page\">\n\t\t\t\t\t\t<section class=\"elementor-section elementor-top-section elementor-element elementor-element-13ca3c2 elementor-section-boxed elementor-section-height-default elementor-section-height-default\" data-id=\"13ca3c2\" data-element_type=\"section\" data-e-type=\"section\" data-settings=\"{&quot;jet_parallax_layout_list&quot;:[{&quot;jet_parallax_layout_image&quot;:{&quot;url&quot;:&quot;&quot;,&quot;id&quot;:&quot;&quot;,&quot;size&quot;:&quot;&quot;},&quot;_id&quot;:&quot;458a38c&quot;,&quot;jet_parallax_layout_image_tablet&quot;:{&quot;url&quot;:&quot;&quot;,&quot;id&quot;:&quot;&quot;,&quot;size&quot;:&quot;&quot;},&quot;jet_parallax_layout_image_mobile&quot;:{&quot;url&quot;:&quot;&quot;,&quot;id&quot;:&quot;&quot;,&quot;size&quot;:&quot;&quot;},&quot;jet_parallax_layout_speed&quot;:{&quot;unit&quot;:&quot;%&quot;,&quot;size&quot;:50,&quot;sizes&quot;:[]},&quot;jet_parallax_layout_type&quot;:&quot;scroll&quot;,&quot;jet_parallax_layout_direction&quot;:&quot;1&quot;,&quot;jet_parallax_layout_fx_direction&quot;:null,&quot;jet_parallax_layout_z_index&quot;:&quot;&quot;,&quot;jet_parallax_layout_bg_x&quot;:50,&quot;jet_parallax_layout_bg_x_tablet&quot;:&quot;&quot;,&quot;jet_parallax_layout_bg_x_mobile&quot;:&quot;&quot;,&quot;jet_parallax_layout_bg_y&quot;:50,&quot;jet_parallax_layout_bg_y_tablet&quot;:&quot;&quot;,&quot;jet_parallax_layout_bg_y_mobile&quot;:&quot;&quot;,&quot;jet_parallax_layout_bg_size&quot;:&quot;auto&quot;,&quot;jet_parallax_layout_bg_size_tablet&quot;:&quot;&quot;,&quot;jet_parallax_layout_bg_size_mobile&quot;:&quot;&quot;,&quot;jet_parallax_layout_animation_prop&quot;:&quot;transform&quot;,&quot;jet_parallax_layout_on&quot;:[&quot;desktop&quot;,&quot;tablet&quot;]}],&quot;background_background&quot;:&quot;slideshow&quot;,&quot;background_slideshow_gallery&quot;:[{&quot;id&quot;:18659,&quot;url&quot;:&quot;https:\\\/\\\/spainfreetours.com\\\/wp-content\\\/uploads\\\/2024\\\/06\\\/landing_palmagrancanaria.jpg&quot;}],&quot;background_slideshow_loop&quot;:&quot;yes&quot;,&quot;background_slideshow_slide_duration&quot;:5000,&quot;background_slideshow_slide_transition&quot;:&quot;fade&quot;,&quot;background_slideshow_transition_duration&quot;:500}\">\n\t\t\t\t\t\t<div class=\"elementor-container elementor-column-gap-default\">\n\t\t\t\t\t<div class=\"elementor-column elementor-col-100 elementor-top-column elementor-element elementor-element-1ede690\" data-id=\"1ede690\" data-element_type=\"column\" data-e-type=\"column\">\n\t\t\t<div class=\"elementor-widget-wrap elementor-element-populated\">\n\t\t\t\t\t\t<div class=\"elementor-element elementor-element-b3c068d elementor-widget elementor-widget-heading\" data-id=\"b3c068d\" data-element_type=\"widget\" data-e-type=\"widget\" data-widget_type=\"heading.default\">\n\t\t\t\t<div class=\"elementor-widget-container\">\n\t\t\t\t\t<h1 class=\"elementor-heading-title elementor-size-default\"><b>LAS PALMAS DE GRAN CANARIA<\/b><\/h1>\t\t\t\t<\/div>\n\t\t\t\t<\/div>\n\t\t\t\t\t<\/div>\n\t\t<\/div>\n\t\t\t\t\t<\/div>\n\t\t<\/section>\n\t\t\t\t<section class=\"elementor-section elementor-top-section elementor-element elementor-element-12d9df48 elementor-section-boxed elementor-section-height-default elementor-section-height-default\" data-id=\"12d9df48\" data-element_type=\"section\" data-e-type=\"section\" data-settings=\"{&quot;jet_parallax_layout_list&quot;:[{&quot;jet_parallax_layout_image&quot;:{&quot;url&quot;:&quot;&quot;,&quot;id&quot;:&quot;&quot;,&quot;size&quot;:&quot;&quot;},&quot;_id&quot;:&quot;c82f096&quot;,&quot;jet_parallax_layout_speed&quot;:{&quot;unit&quot;:&quot;%&quot;,&quot;size&quot;:50,&quot;sizes&quot;:[]},&quot;jet_parallax_layout_image_tablet&quot;:{&quot;url&quot;:&quot;&quot;,&quot;id&quot;:&quot;&quot;,&quot;size&quot;:&quot;&quot;},&quot;jet_parallax_layout_image_mobile&quot;:{&quot;url&quot;:&quot;&quot;,&quot;id&quot;:&quot;&quot;,&quot;size&quot;:&quot;&quot;},&quot;jet_parallax_layout_type&quot;:&quot;scroll&quot;,&quot;jet_parallax_layout_direction&quot;:&quot;1&quot;,&quot;jet_parallax_layout_fx_direction&quot;:null,&quot;jet_parallax_layout_z_index&quot;:&quot;&quot;,&quot;jet_parallax_layout_bg_x&quot;:50,&quot;jet_parallax_layout_bg_x_tablet&quot;:&quot;&quot;,&quot;jet_parallax_layout_bg_x_mobile&quot;:&quot;&quot;,&quot;jet_parallax_layout_bg_y&quot;:50,&quot;jet_parallax_layout_bg_y_tablet&quot;:&quot;&quot;,&quot;jet_parallax_layout_bg_y_mobile&quot;:&quot;&quot;,&quot;jet_parallax_layout_bg_size&quot;:&quot;auto&quot;,&quot;jet_parallax_layout_bg_size_tablet&quot;:&quot;&quot;,&quot;jet_parallax_layout_bg_size_mobile&quot;:&quot;&quot;,&quot;jet_parallax_layout_animation_prop&quot;:&quot;transform&quot;,&quot;jet_parallax_layout_on&quot;:[&quot;desktop&quot;,&quot;tablet&quot;]}]}\">\n\t\t\t\t\t\t<div class=\"elementor-container elementor-column-gap-default\">\n\t\t\t\t\t<div class=\"elementor-column elementor-col-100 elementor-top-column elementor-element elementor-element-6b1f411f\" data-id=\"6b1f411f\" data-element_type=\"column\" data-e-type=\"column\">\n\t\t\t<div class=\"elementor-widget-wrap elementor-element-populated\">\n\t\t\t\t\t\t<div class=\"elementor-element elementor-element-72bf3bc6 elementor-widget elementor-widget-jet-listing-grid\" data-id=\"72bf3bc6\" data-element_type=\"widget\" data-e-type=\"widget\" id=\"listing-main\" data-settings=\"{&quot;columns&quot;:&quot;3&quot;,&quot;columns_tablet&quot;:&quot;1&quot;,&quot;columns_mobile&quot;:&quot;1&quot;}\" data-widget_type=\"jet-listing-grid.default\">\n\t\t\t\t<div class=\"elementor-widget-container\">\n\t\t\t\t\t<div class=\"jet-listing-grid jet-listing-grid--lazy-load jet-listing jet-listing-grid-loading\" data-lazy-load=\"{&quot;offset&quot;:&quot;0px&quot;,&quot;post_id&quot;:19494,&quot;queried_id&quot;:&quot;19494|WP_Post&quot;}\"><div class=\"jet-listing-grid__loader\"><div class=\"jet-listing-grid__loader-spinner\"><\/div><\/div><\/div>\t\t\t\t<\/div>\n\t\t\t\t<\/div>\n\t\t\t\t<div class=\"elementor-element elementor-element-4283337 elementor-widget elementor-widget-heading\" data-id=\"4283337\" data-element_type=\"widget\" data-e-type=\"widget\" data-widget_type=\"heading.default\">\n\t\t\t\t<div class=\"elementor-widget-container\">\n\t\t\t\t\t<h2 class=\"elementor-heading-title elementor-size-default\">Qu\u00e9 ver en Tenerife<\/h2>\t\t\t\t<\/div>\n\t\t\t\t<\/div>\n\t\t\t\t<div class=\"elementor-element elementor-element-2dfa64e elementor-widget elementor-widget-text-editor\" data-id=\"2dfa64e\" data-element_type=\"widget\" data-e-type=\"widget\" data-widget_type=\"text-editor.default\">\n\t\t\t\t<div class=\"elementor-widget-container\">\n\t\t\t\t\t\t\t\t\t<p><span style=\"font-weight: 400;\">Si est\u00e1s buscando un motivo para visitar Tenerife, sigue leyendo y piensa c\u00f3mo adelantar tu viaje.<\/span><\/p>\n<p><span style=\"font-weight: 400;\">Existen pocos lugares en el mundo que puedan presumir de <strong>buen tiempo todo el a\u00f1o<\/strong>, de una diversidad natural espectacular, paisajes de infarto, de formaciones volc\u00e1nicas milenarias, de playas de arena negra y del mejor mirador del mundo. Tenerife es ese lugar.<\/span><\/p>\n<p><span style=\"font-weight: 400;\">Todo empez\u00f3 hace aproximadamente 25 millones de a\u00f1os, cuando una serie de erupciones de lava en el fondo submarino provocaron que el magma del interior de la Tierra emergiera sobre el nivel del mar, dando lugar a siete nuevas islas a varios kil\u00f3metros de la costa africana occidental. Estas islas son las que conocemos hoy d\u00eda como <strong>las Canarias<\/strong>.<\/span><\/p>\n<p><span style=\"font-weight: 400;\">Sus primeros pobladores fueron los guanches, quienes viv\u00edan en cuevas naturales y ten\u00edan una cuidada organizaci\u00f3n territorial. Hoy en d\u00eda pervive su legado en forma de <strong>patrimonio arqueol\u00f3gico, en su cultura y en sus arraigadas tradiciones<\/strong>.<\/span><\/p>\n<p><span style=\"font-weight: 400;\">Una parada obligatoria para contagiarte del esp\u00edritu chicharrero es su capital, Santa Cruz de Tenerife o Anaga, como llamaban los guanches a toda la zona. Actualmente no se puede entender este sitio sin sus <strong>Carnavales<\/strong>, considerado el m\u00e1s famoso y multitudinario del mundo por detr\u00e1s de los de R\u00edo de Janeiro, llegando incluso a batir r\u00e9cords.<\/span><\/p>\n<p><span style=\"font-weight: 400;\">Tambi\u00e9n es <strong>imprescindible visitar San Crist\u00f3bal de La Laguna o Aguere<\/strong>, para los abor\u00edgenes de la isla. Te sorprender\u00e1 su casco hist\u00f3rico, lleno de placitas con mucha vida, rincones con encanto y bellos edificios. Su singularidad es tal que ha sido digna de menci\u00f3n por la UNESCO.\u00a0<\/span><\/p>\n<p><span style=\"font-weight: 400;\">Pero no se puede entender la esencia de Tenerife sin acercar el paladar a su gastronom\u00eda. La cocina tinerfe\u00f1a es una mezcla de sabores tropicales, espa\u00f1oles y latinoamericanos que la hacen \u00fanica en el mundo. <strong>Te sugerimos que pruebes platos t\u00edpicos<\/strong> como el Escald\u00f3n de gofio, las papas con mojo, las arepas\u2026 siempre acompa\u00f1ados de un vino canario.<\/span><\/p>\n\t\t\t\t\t\t\t\t<\/div>\n\t\t\t\t<\/div>\n\t\t\t\t<div class=\"elementor-element elementor-element-3abeaa0 elementor-widget elementor-widget-heading\" data-id=\"3abeaa0\" data-element_type=\"widget\" data-e-type=\"widget\" data-widget_type=\"heading.default\">\n\t\t\t\t<div class=\"elementor-widget-container\">\n\t\t\t\t\t<h2 class=\"elementor-heading-title elementor-size-default\">Un peque\u00f1o adelanto del Free Tour en Tenerife<\/h2>\t\t\t\t<\/div>\n\t\t\t\t<\/div>\n\t\t\t\t<div class=\"elementor-element elementor-element-982a695 elementor-widget elementor-widget-text-editor\" data-id=\"982a695\" data-element_type=\"widget\" data-e-type=\"widget\" data-widget_type=\"text-editor.default\">\n\t\t\t\t<div class=\"elementor-widget-container\">\n\t\t\t\t\t\t\t\t\t<p><span style=\"font-weight: 400;\">Acabas de aterrizar en Tenerife pero no conoces mucho la isla, tampoco su historia y, adem\u00e1s, parece que no hay ni rastro del clima tropical del que te hablaron. No te preocupes, por suerte <a href=\"https:\/\/spainfreetours.com\/?post_type=tour&#038;p=6341\">has reservado tu free tour<\/a> y encuentras a David, un tinerfe\u00f1o con <strong>muchas ganas de descubrirte c\u00f3mo se vive en Canarias<\/strong>, cu\u00e1les son sus tradiciones, qu\u00e9 se come, cu\u00e1l es su pasado y darte los mejores consejos para aprovechar tu estancia.<\/span><\/p>\n<p><span style=\"font-weight: 400;\">En <\/span><b>Santa Cruz<\/b><span style=\"font-weight: 400;\">, David tiene una apasionante historia que narrarte. Sus calles, edificios, s\u00edmbolos y tradiciones susurran los secretos de su pasado guanche, ligado desde los inicios a su puerto pesquero. <strong>Territorio de conquista, tanto piratas como almirantes<\/strong> intentaron hacerse con la ciudad en numerosos ataques, fracasando una y otra vez.<\/span><\/p>\n<p><span style=\"font-weight: 400;\">Desde el <strong>Parque Garc\u00eda Sanabria<\/strong>, coraz\u00f3n de la ciudad y su pulm\u00f3n m\u00e1s grande, comenzaremos el recorrido. Pasearemos hasta <strong>la Plaza Weyler, recorreremos la Calle Castillo<\/strong>, donde despuntan fachadas de estilo canario, victoriano y modernista. Nos esperan edificios tan singulares como el <strong>Museo de Bellas Artes, el Teatro Guimer\u00e1, el TEA (Tenerife Espacio de las Artes), el Castillo de San Crist\u00f3bal\u2026 \u00a1y mucho m\u00e1s!<\/strong><\/span><\/p>\n<p><span style=\"font-weight: 400;\">Te llevaremos a la <strong>Calle de la Noria<\/strong>, actual zona de esparcimiento con bares de copas y restaurantes especializados en nueva cocina, porque este free tour no estar\u00eda completo sin hablar de ocio y gastronom\u00eda.<\/span><\/p>\n<p><span style=\"font-weight: 400;\">Por cierto, \u00bfte hemos dicho que en Tenerife tenemos una <strong>ciudad Patrimonio de la Humanidad<\/strong>? Acomp\u00e1\u00f1anos hasta <\/span><a href=\"https:\/\/spainfreetours.com\/?post_type=tour&#038;p=6335\">San Crist\u00f3bal de La Laguna o La Laguna<\/a><span style=\"font-weight: 400;\">, como la llamamos los locales, y prep\u00e1rate a descubrir un conjunto hist\u00f3rico excepcional.\u00a0<\/span><\/p>\n<p><span style=\"font-weight: 400;\">David te descubrir\u00e1 su <strong>bello casco hist\u00f3rico y los rincones m\u00e1s encantadores<\/strong>. Caminaremos por sus calles adoquinadas que discurren entre iglesias y casas de estilo colonial y seguiremos los pasos que se han dado desde la conquista de la isla hasta el d\u00eda de hoy.<\/span><\/p>\n<p><span style=\"font-weight: 400;\">Conoceremos lugares tan emblem\u00e1ticos y pintorescos como <strong>Plaza del Adelantado, la Plaza del Cristo y del Mercado Municipal, el Ayuntamiento<\/strong>\u2026 En nuestra visita no faltar\u00e1 una parada en edificios hist\u00f3ricos como el Ex-Convento de Sto. Domingo de Guzm\u00e1n, Casa del Corregidor, Catedral de Ntra. Sra. de los Remedios, el Teatro Leal\u2026\u00a0<\/span><\/p>\n<p><span style=\"font-weight: 400;\">Ven a conocer esta m\u00e1gica ciudad, donde <strong>el tiempo parece haberse detenido<\/strong> entre historias de piratas, leyendas, jardines y palacios.<\/span><\/p>\n\t\t\t\t\t\t\t\t<\/div>\n\t\t\t\t<\/div>\n\t\t\t\t<div class=\"elementor-element elementor-element-0e8a153 elementor-widget elementor-widget-heading\" data-id=\"0e8a153\" data-element_type=\"widget\" data-e-type=\"widget\" data-widget_type=\"heading.default\">\n\t\t\t\t<div class=\"elementor-widget-container\">\n\t\t\t\t\t<h2 class=\"elementor-heading-title elementor-size-default\">Datos curiosos de Santa Cruz de Tenerife<\/h2>\t\t\t\t<\/div>\n\t\t\t\t<\/div>\n\t\t\t\t<div class=\"elementor-element elementor-element-957271e elementor-widget elementor-widget-text-editor\" data-id=\"957271e\" data-element_type=\"widget\" data-e-type=\"widget\" data-widget_type=\"text-editor.default\">\n\t\t\t\t<div class=\"elementor-widget-container\">\n\t\t\t\t\t\t\t\t\t<ul>\n<li style=\"font-weight: 400;\" aria-level=\"1\"><span style=\"font-weight: 400;\"><span style=\"font-weight: 400;\"><strong>\u00a1Bienvenidos a la isla de contrastes!<\/strong> (y no es una forma de hablar). Aunque <strong>Tenerife se caracteriza por su \u201ceterna primavera\u201d<\/strong>, con clima suave todo el a\u00f1o, cuenta con una incre\u00edble variedad de microclimas. Esto hace que puedas encontrar variaciones clim\u00e1ticas notables en funci\u00f3n del lugar de la isla en el que te encuentres y crea una diversidad \u00fanica de paisajes. Por ejemplo, en el mismo d\u00eda puedes <strong>admirar el Teide nevado y pegarte un ba\u00f1o sus costas<\/strong>.<\/span><\/span>\n<p>\u00a0<\/p>\n<\/li>\n<li style=\"font-weight: 400;\" aria-level=\"1\"><span style=\"font-weight: 400;\">\u00bfSab\u00edas que en La Luna existen unos montes llamados \u00abMontes Tenerife\u00bb?<\/span>Cuando visites el Teide entender\u00e1s el motivo. Adem\u00e1s, es la mejor opci\u00f3n porque las condiciones son \u00f3ptimas desde cualquiera de sus miradores: no hay contaminaci\u00f3n lum\u00ednica, ofrece visi\u00f3n panor\u00e1mica espectacular.<\/li>\n<\/ul>\n<ul>\n<li style=\"font-weight: 400;\" aria-level=\"1\"><span style=\"font-weight: 400;\"><span style=\"font-weight: 400;\">Hablando del Teide, \u00bfsab\u00edas que este magn\u00edfico volc\u00e1n de 3.718 metros de altura es el pico m\u00e1s alto de Espa\u00f1a y el tercer volc\u00e1n activo m\u00e1s elevado del planeta?<\/span><\/span>\n<p>\u00a0<\/p>\n<\/li>\n<li style=\"font-weight: 400;\" aria-level=\"1\"><span style=\"font-weight: 400;\"><span style=\"font-weight: 400;\">En Tenerife se encuentra una <strong>ciudad Patrimonio de la Humanidad<\/strong>. Hablamos de la San Crist\u00f3bal de la Laguna, conocida localmente como La Laguna, con un patrimonio cultural y una arquitectura colonial de merecido reconocimiento.<\/span><\/span>\n<p>\u00a0<\/p>\n<\/li>\n<li style=\"font-weight: 400;\" aria-level=\"1\"><span style=\"font-weight: 400;\"><span style=\"font-weight: 400;\">\u00bfArepas en Tenerife? \u00bfNo son t\u00edpicas de Venezuela? Efectivamente, es justo decir que las arepas no son t\u00edpicas de Tenerife. Sin embargo, en Canarias existe mucha influencia latinoamericana que ha dejado una huella deliciosa en la isla.<\/span><\/span>\n<p>\u00a0<\/p>\n<\/li>\n<li style=\"font-weight: 400;\" aria-level=\"1\"><span style=\"font-weight: 400;\"><span style=\"font-weight: 400;\">\u00a1Es la hora del carnaval!\u00a0 La capital, Santa Cruz de Tenerife, destaca por celebrar <strong>uno de los carnavales m\u00e1s coloridos y visitados del mundo<\/strong>.<\/span><\/span>\n<p>\u00a0<\/p>\n<\/li>\n<li style=\"font-weight: 400;\" aria-level=\"1\"><span style=\"font-weight: 400;\">Tenerife, para\u00edso natural. La isla cuenta con una variedad paisaj\u00edstica y riqueza natural que cualquier viajero aventurero ans\u00eda explorar. No te puedes perder: la monta\u00f1a roja del M\u00e9dano, el Macizo de Adeje, las Ca\u00f1adas del Teide y todo su entorno volc\u00e1nico, el Parque Rural de Anaga, etc. Adem\u00e1s, Tenerife es el escenario perfecto para practicar senderismo, submarinismo y deportes de\u00a0 aventura.<\/span><\/li>\n<\/ul>\n\t\t\t\t\t\t\t\t<\/div>\n\t\t\t\t<\/div>\n\t\t\t\t\t<\/div>\n\t\t<\/div>\n\t\t\t\t\t<\/div>\n\t\t<\/section>\n\t\t\t\t<\/div>\n\t\t","protected":false},"excerpt":{"rendered":"<p>LAS PALMAS DE GRAN CANARIA Qu\u00e9 ver en Tenerife Si est\u00e1s buscando un motivo para visitar Tenerife, sigue leyendo y piensa c\u00f3mo adelantar tu viaje. Existen pocos lugares en el mundo que puedan presumir de buen tiempo todo el a\u00f1o, de una diversidad natural espectacular, paisajes de infarto, de formaciones volc\u00e1nicas milenarias, de playas de [&hellip;]<\/p>\n","protected":false},"author":7,"featured_media":0,"parent":6122,"menu_order":0,"comment_status":"closed","ping_status":"closed","template":"elementor_header_footer","meta":{"_jet_sm_ready_style":"","_jet_sm_style":"","_jet_sm_controls_values":"","_jet_sm_fonts_collection":"","_jet_sm_fonts_links":"","_joinchat":[],"footnotes":""},"wf_page_folders":[385],"class_list":["post-19494","page","type-page","status-publish","hentry"],"custom-ciudades":null,"_links":{"self":[{"href":"https:\/\/spainfreetours.com\/en\/wp-json\/wp\/v2\/pages\/19494","targetHints":{"allow":["GET"]}}],"collection":[{"href":"https:\/\/spainfreetours.com\/en\/wp-json\/wp\/v2\/pages"}],"about":[{"href":"https:\/\/spainfreetours.com\/en\/wp-json\/wp\/v2\/types\/page"}],"author":[{"embeddable":true,"href":"https:\/\/spainfreetours.com\/en\/wp-json\/wp\/v2\/users\/7"}],"replies":[{"embeddable":true,"href":"https:\/\/spainfreetours.com\/en\/wp-json\/wp\/v2\/comments?post=19494"}],"version-history":[{"count":1,"href":"https:\/\/spainfreetours.com\/en\/wp-json\/wp\/v2\/pages\/19494\/revisions"}],"predecessor-version":[{"id":19495,"href":"https:\/\/spainfreetours.com\/en\/wp-json\/wp\/v2\/pages\/19494\/revisions\/19495"}],"up":[{"embeddable":true,"href":"https:\/\/spainfreetours.com\/en\/wp-json\/wp\/v2\/pages\/6122"}],"wp:attachment":[{"href":"https:\/\/spainfreetours.com\/en\/wp-json\/wp\/v2\/media?parent=19494"}],"wp:term":[{"taxonomy":"wf_page_folders","embeddable":true,"href":"https:\/\/spainfreetours.com\/en\/wp-json\/wp\/v2\/wf_page_folders?post=19494"}],"curies":[{"name":"wp","href":"https:\/\/api.w.org\/{rel}","templated":true}]}}