{"id":19490,"date":"2022-08-01T11:31:39","date_gmt":"2022-08-01T09:31:39","guid":{"rendered":"https:\/\/spainfreetours.com\/tours\/palma-de-mallorca\/"},"modified":"2024-10-21T11:56:32","modified_gmt":"2024-10-21T09:56:32","slug":"palma-de-mallorca","status":"publish","type":"page","link":"https:\/\/spainfreetours.com\/en\/tours\/palma-de-mallorca\/","title":{"rendered":"Palma de Mallorca"},"content":{"rendered":"\t\t<div data-elementor-type=\"wp-post\" data-elementor-id=\"19490\" class=\"elementor elementor-19490\" data-elementor-post-type=\"page\">\n\t\t\t\t\t\t<section class=\"elementor-section elementor-top-section elementor-element elementor-element-13ca3c2 elementor-section-boxed elementor-section-height-default elementor-section-height-default\" data-id=\"13ca3c2\" data-element_type=\"section\" data-e-type=\"section\" data-settings=\"{&quot;jet_parallax_layout_list&quot;:[{&quot;jet_parallax_layout_image&quot;:{&quot;url&quot;:&quot;&quot;,&quot;id&quot;:&quot;&quot;,&quot;size&quot;:&quot;&quot;},&quot;_id&quot;:&quot;458a38c&quot;,&quot;jet_parallax_layout_image_tablet&quot;:{&quot;url&quot;:&quot;&quot;,&quot;id&quot;:&quot;&quot;,&quot;size&quot;:&quot;&quot;},&quot;jet_parallax_layout_image_mobile&quot;:{&quot;url&quot;:&quot;&quot;,&quot;id&quot;:&quot;&quot;,&quot;size&quot;:&quot;&quot;},&quot;jet_parallax_layout_speed&quot;:{&quot;unit&quot;:&quot;%&quot;,&quot;size&quot;:50,&quot;sizes&quot;:[]},&quot;jet_parallax_layout_type&quot;:&quot;scroll&quot;,&quot;jet_parallax_layout_direction&quot;:&quot;1&quot;,&quot;jet_parallax_layout_fx_direction&quot;:null,&quot;jet_parallax_layout_z_index&quot;:&quot;&quot;,&quot;jet_parallax_layout_bg_x&quot;:50,&quot;jet_parallax_layout_bg_x_tablet&quot;:&quot;&quot;,&quot;jet_parallax_layout_bg_x_mobile&quot;:&quot;&quot;,&quot;jet_parallax_layout_bg_y&quot;:50,&quot;jet_parallax_layout_bg_y_tablet&quot;:&quot;&quot;,&quot;jet_parallax_layout_bg_y_mobile&quot;:&quot;&quot;,&quot;jet_parallax_layout_bg_size&quot;:&quot;auto&quot;,&quot;jet_parallax_layout_bg_size_tablet&quot;:&quot;&quot;,&quot;jet_parallax_layout_bg_size_mobile&quot;:&quot;&quot;,&quot;jet_parallax_layout_animation_prop&quot;:&quot;transform&quot;,&quot;jet_parallax_layout_on&quot;:[&quot;desktop&quot;,&quot;tablet&quot;]}],&quot;background_background&quot;:&quot;slideshow&quot;,&quot;background_slideshow_gallery&quot;:[{&quot;id&quot;:4935,&quot;url&quot;:&quot;https:\\\/\\\/spainfreetours.com\\\/wp-content\\\/uploads\\\/2022\\\/06\\\/Ciudad-Palma.jpg&quot;},{&quot;id&quot;:5038,&quot;url&quot;:&quot;https:\\\/\\\/spainfreetours.com\\\/wp-content\\\/uploads\\\/2022\\\/06\\\/palma-esencial.jpg&quot;}],&quot;background_slideshow_loop&quot;:&quot;yes&quot;,&quot;background_slideshow_slide_duration&quot;:5000,&quot;background_slideshow_slide_transition&quot;:&quot;fade&quot;,&quot;background_slideshow_transition_duration&quot;:500}\">\n\t\t\t\t\t\t<div class=\"elementor-container elementor-column-gap-default\">\n\t\t\t\t\t<div class=\"elementor-column elementor-col-100 elementor-top-column elementor-element elementor-element-1ede690\" data-id=\"1ede690\" data-element_type=\"column\" data-e-type=\"column\">\n\t\t\t<div class=\"elementor-widget-wrap elementor-element-populated\">\n\t\t\t\t\t\t<div class=\"elementor-element elementor-element-b3c068d elementor-widget elementor-widget-heading\" data-id=\"b3c068d\" data-element_type=\"widget\" data-e-type=\"widget\" data-widget_type=\"heading.default\">\n\t\t\t\t<div class=\"elementor-widget-container\">\n\t\t\t\t\t<h1 class=\"elementor-heading-title elementor-size-default\">free tour palma<\/h1>\t\t\t\t<\/div>\n\t\t\t\t<\/div>\n\t\t\t\t\t<\/div>\n\t\t<\/div>\n\t\t\t\t\t<\/div>\n\t\t<\/section>\n\t\t\t\t<section class=\"elementor-section elementor-top-section elementor-element elementor-element-12d9df48 elementor-section-boxed elementor-section-height-default elementor-section-height-default\" data-id=\"12d9df48\" data-element_type=\"section\" data-e-type=\"section\" data-settings=\"{&quot;jet_parallax_layout_list&quot;:[{&quot;jet_parallax_layout_image&quot;:{&quot;url&quot;:&quot;&quot;,&quot;id&quot;:&quot;&quot;,&quot;size&quot;:&quot;&quot;},&quot;_id&quot;:&quot;c82f096&quot;,&quot;jet_parallax_layout_speed&quot;:{&quot;unit&quot;:&quot;%&quot;,&quot;size&quot;:50,&quot;sizes&quot;:[]},&quot;jet_parallax_layout_image_tablet&quot;:{&quot;url&quot;:&quot;&quot;,&quot;id&quot;:&quot;&quot;,&quot;size&quot;:&quot;&quot;},&quot;jet_parallax_layout_image_mobile&quot;:{&quot;url&quot;:&quot;&quot;,&quot;id&quot;:&quot;&quot;,&quot;size&quot;:&quot;&quot;},&quot;jet_parallax_layout_type&quot;:&quot;scroll&quot;,&quot;jet_parallax_layout_direction&quot;:&quot;1&quot;,&quot;jet_parallax_layout_fx_direction&quot;:null,&quot;jet_parallax_layout_z_index&quot;:&quot;&quot;,&quot;jet_parallax_layout_bg_x&quot;:50,&quot;jet_parallax_layout_bg_x_tablet&quot;:&quot;&quot;,&quot;jet_parallax_layout_bg_x_mobile&quot;:&quot;&quot;,&quot;jet_parallax_layout_bg_y&quot;:50,&quot;jet_parallax_layout_bg_y_tablet&quot;:&quot;&quot;,&quot;jet_parallax_layout_bg_y_mobile&quot;:&quot;&quot;,&quot;jet_parallax_layout_bg_size&quot;:&quot;auto&quot;,&quot;jet_parallax_layout_bg_size_tablet&quot;:&quot;&quot;,&quot;jet_parallax_layout_bg_size_mobile&quot;:&quot;&quot;,&quot;jet_parallax_layout_animation_prop&quot;:&quot;transform&quot;,&quot;jet_parallax_layout_on&quot;:[&quot;desktop&quot;,&quot;tablet&quot;]}]}\">\n\t\t\t\t\t\t<div class=\"elementor-container elementor-column-gap-default\">\n\t\t\t\t\t<div class=\"elementor-column elementor-col-100 elementor-top-column elementor-element elementor-element-6b1f411f\" data-id=\"6b1f411f\" data-element_type=\"column\" data-e-type=\"column\">\n\t\t\t<div class=\"elementor-widget-wrap elementor-element-populated\">\n\t\t\t\t\t\t<div class=\"elementor-element elementor-element-72bf3bc6 elementor-widget elementor-widget-jet-listing-grid\" data-id=\"72bf3bc6\" data-element_type=\"widget\" data-e-type=\"widget\" id=\"listing-main\" data-settings=\"{&quot;columns&quot;:&quot;3&quot;,&quot;columns_tablet&quot;:&quot;1&quot;,&quot;columns_mobile&quot;:&quot;1&quot;}\" data-widget_type=\"jet-listing-grid.default\">\n\t\t\t\t<div class=\"elementor-widget-container\">\n\t\t\t\t\t<div class=\"jet-listing-grid jet-listing-grid--lazy-load jet-listing jet-listing-grid-loading\" data-lazy-load=\"{&quot;offset&quot;:&quot;0px&quot;,&quot;post_id&quot;:19490,&quot;queried_id&quot;:&quot;19490|WP_Post&quot;}\"><div class=\"jet-listing-grid__loader\"><div class=\"jet-listing-grid__loader-spinner\"><\/div><\/div><\/div>\t\t\t\t<\/div>\n\t\t\t\t<\/div>\n\t\t\t\t<div class=\"elementor-element elementor-element-fa8e75e elementor-widget elementor-widget-heading\" data-id=\"fa8e75e\" data-element_type=\"widget\" data-e-type=\"widget\" data-widget_type=\"heading.default\">\n\t\t\t\t<div class=\"elementor-widget-container\">\n\t\t\t\t\t<h2 class=\"elementor-heading-title elementor-size-default\">Palma de Mallorca, un para\u00edso de playa y cultura <\/h2>\t\t\t\t<\/div>\n\t\t\t\t<\/div>\n\t\t\t\t<div class=\"elementor-element elementor-element-c8a7aed elementor-widget elementor-widget-text-editor\" data-id=\"c8a7aed\" data-element_type=\"widget\" data-e-type=\"widget\" data-widget_type=\"text-editor.default\">\n\t\t\t\t<div class=\"elementor-widget-container\">\n\t\t\t\t\t\t\t\t\t<p><span style=\"font-weight: 400;\">Mallorca es uno de los <strong>destinos con m\u00e1s encanto del Mediterr\u00e1neo<\/strong> gracias a sus verdes monta\u00f1as, su radiante sol, sus playas de mar azul y fina arena blanca\u2026 Pero Mallorca es mucho m\u00e1s, \u00bfte animas a descubrirlo?<\/span><\/p>\n<p><span style=\"font-weight: 400;\">Si viajamos hasta el sudeste de la isla encontramos su bella capital, Palma. Durante varios a\u00f1os fue <strong>tierra de tres de los pueblos m\u00e1s importantes de la historia<\/strong>: griegos, fenicios y romanos; sin embargo, Palma posee un legado medieval \u00fanico desde que Jaume I en 1229 conquist\u00f3 la <\/span><i><span style=\"font-weight: 400;\">Madina Mayurka<\/span><\/i><span style=\"font-weight: 400;\"> de los \u00e1rabes e implant\u00f3 las costumbres europeas, su religi\u00f3n y la arquitectura.<\/span><\/p>\n<p><span style=\"font-weight: 400;\">Palma tiene arraigada una fuerte tradici\u00f3n: desde la fiesta de San Sebasti\u00e1n el 20 de enero, Carnaval o <\/span><i><span style=\"font-weight: 400;\">sa Rua<\/span><\/i><span style=\"font-weight: 400;\"> en febrero, la <\/span><i><span style=\"font-weight: 400;\">Fira del Ram<\/span><\/i><span style=\"font-weight: 400;\"> en marzo hasta el Corpus Christi en junio o la <\/span><i><span style=\"font-weight: 400;\">Festa de l\u2019Estandart<\/span><\/i><span style=\"font-weight: 400;\"> del 31 de diciembre. Cada d\u00eda hay un plan nuevo que descubrir y disfrutar en nuestra ciudad.<\/span><\/p>\n<p><span style=\"font-weight: 400;\">Pero que mantengamos nuestras tradiciones no significa que la ciudad se haya quedado atr\u00e1s. En Palma es una <strong>ciudad moderna y muy viva<\/strong>, donde podr\u00e1s disfrutar de conciertos, discotecas, buenos restaurantes y otras muchas actividades que descubrir\u00e1s una vez llegues.<\/span><\/p>\n<p><span style=\"font-weight: 400;\">Nada mejor que acompa\u00f1ar un <strong>d\u00eda lleno de aventuras<\/strong> con un plato espectacular, \u00bfverdad?\u00a0 Est\u00e1s a punto de descubrir que la <strong>cocina mallorquina<\/strong> es de un nivel y variedad extraordinaria, y es que su tradici\u00f3n agr\u00edcola y ganadera se fusionan con ingredientes naturales de la huerta mallorquina y producen platos sencillamente deliciosos.<\/span><\/p>\n<p><span style=\"font-weight: 400;\">Prueba a empezar t\u00fa d\u00eda con un caf\u00e9 acompa\u00f1ado de una ensaimada, seguido de un frito mallorqu\u00edn a la hora de la comida, para merendar una <\/span><i><span style=\"font-weight: 400;\">coca de gat\u00f3<\/span><\/i><span style=\"font-weight: 400;\"> con helado de almendra y para la cena algo ligero como <\/span><i><span style=\"font-weight: 400;\">pa amb oli<\/span><\/i><span style=\"font-weight: 400;\"> con su tomatito de ramillete y su embutido y queso.<\/span><\/p>\n<p><span style=\"font-weight: 400;\">Hay tantas cosas que ver en la ciudad que no caben en un s\u00f3lo texto, as\u00ed que, \u00a1an\u00edmate a descubrirla por ti mismo!<\/span><\/p>\n\t\t\t\t\t\t\t\t<\/div>\n\t\t\t\t<\/div>\n\t\t\t\t<div class=\"elementor-element elementor-element-442f03b elementor-widget elementor-widget-heading\" data-id=\"442f03b\" data-element_type=\"widget\" data-e-type=\"widget\" data-widget_type=\"heading.default\">\n\t\t\t\t<div class=\"elementor-widget-container\">\n\t\t\t\t\t<h2 class=\"elementor-heading-title elementor-size-default\">\u00bfQu\u00e9 vamos a ver en Palma?<\/h2>\t\t\t\t<\/div>\n\t\t\t\t<\/div>\n\t\t\t\t<div class=\"elementor-element elementor-element-1da0dcd elementor-widget elementor-widget-text-editor\" data-id=\"1da0dcd\" data-element_type=\"widget\" data-e-type=\"widget\" data-widget_type=\"text-editor.default\">\n\t\t\t\t<div class=\"elementor-widget-container\">\n\t\t\t\t\t\t\t\t\t<p><span style=\"font-weight: 400;\">Has llegado a Palma, pero no conoces mucho la ciudad ni su historia, pero por suerte has reservado para venir al <a href=\"https:\/\/spainfreetours.com\/en\/tour\/palma-essentials\/\">Tour de Palma Esencial<\/a>. Durante este circuito de 2.30h aprender\u00e1s de la mano de la gente local <strong>c\u00f3mo se vive en la ciudad<\/strong>, cu\u00e1les son nuestras tradiciones, qu\u00e9 se come y cu\u00e1l es nuestro pasado.<\/span><\/p>\n<p><span style=\"font-weight: 400;\">Todo empez\u00f3 en la prehistoria con un grupo de intr\u00e9pidos mercenarios que instalaron en la isla y desarrollaron su t\u00e9cnica con la honda, un arma de gran sencillez, pero de gran potencia y alcance. Los honderos bale\u00e1ricos, que as\u00ed se llamaban, eran tan poderosos que hasta pod\u00edan hacer frente al temible Imperio Romano, pero Cecilio Metelo, un inteligente c\u00f3nsul consigui\u00f3 superar a los mercenarios con un peque\u00f1o truco\u2026 Y as\u00ed fue, como <strong>en el 123 a.C. nace la ciudad de Palma de Mallorca<\/strong>.<\/span><\/p>\n<p><span style=\"font-weight: 400;\">Pero la base de nuestra cultura se la debemos a un poderoso rey que lleg\u00f3 desde el norte de la Pen\u00ednsula Ib\u00e9rica, Jaime I El Conquistador. Gracias a \u00e9l somos qui\u00e9nes somos, con nuestro idioma, el catal\u00e1n, y con tradiciones y gastronom\u00eda similares a la actual Catalu\u00f1a; por ejemplo, \u00bfte suenan la sobrasada o los castellers?<\/span><\/p>\n<p><span style=\"font-weight: 400;\">Eso s\u00ed, <strong>Palma cuenta con su propia historia y sus leyendas<\/strong> y eso es lo que te vamos a contar. Estar\u00e1s visitando la ciudad con la fiesta m\u00e1s antigua de toda Europa y con una de las catedrales m\u00e1s altas y que adem\u00e1s cuenta con uno de los mayores rosetones de todo el g\u00f3tico. Son cosas que no se ven todos los d\u00edas, \u00bfverdad que no?<\/span><\/p>\n<p><span style=\"font-weight: 400;\">Tambi\u00e9n descubrir\u00e1s c\u00f3mo un noble muy lig\u00f3n se convierte en uno de los pensadores m\u00e1s importantes de la Edad Media, algunos de los conflictos nobiliarios m\u00e1s relevantes de nuestra tierra, d\u00f3nde puedes ver la herencia del famoso artista Antoni Gaud\u00ed y, \u00a1mucho m\u00e1s!<\/span><\/p>\n\t\t\t\t\t\t\t\t<\/div>\n\t\t\t\t<\/div>\n\t\t\t\t<div class=\"elementor-element elementor-element-1de9f12 elementor-widget elementor-widget-heading\" data-id=\"1de9f12\" data-element_type=\"widget\" data-e-type=\"widget\" data-widget_type=\"heading.default\">\n\t\t\t\t<div class=\"elementor-widget-container\">\n\t\t\t\t\t<h2 class=\"elementor-heading-title elementor-size-default\">Algunos consejos sobre la ciudad de Palma.<\/h2>\t\t\t\t<\/div>\n\t\t\t\t<\/div>\n\t\t\t\t<div class=\"elementor-element elementor-element-c087003 elementor-widget elementor-widget-text-editor\" data-id=\"c087003\" data-element_type=\"widget\" data-e-type=\"widget\" data-widget_type=\"text-editor.default\">\n\t\t\t\t<div class=\"elementor-widget-container\">\n\t\t\t\t\t\t\t\t\t<p><span style=\"font-weight: 400;\">Aqu\u00ed van algunos tips para que prepares tu visita:<\/span><\/p>\n<ul>\n<li><span style=\"font-weight: 400;\">Las lenguas oficiales de Mallorca son el catal\u00e1n, lengua propia de las Islas Baleares, y el castellano. Por eso, es posible que escuches alg\u00fan \u201cBon dia\u201d o \u201cUep! Com anam?\u201d. No tengas miedo de decir que no conoces el idioma y de pedir ser atendido en castellano. <\/span>Eso s\u00ed, si quieres caerle en gracia a un mallorqu\u00edn haz el esfuerzo e intenta uno de los dos saludos anteriores, quiz\u00e1s te lleves nuevas amistades.<\/li>\n<\/ul>\n<ul>\n<li><span style=\"font-weight: 400;\"><span style=\"font-weight: 400;\">Si eres vegetariano, vegano o no comer cerdo es mejor preguntar por adelantado los ingredientes de la comida. Aunque no lo parezca, hay varios platos hechos con grasa de cerdo, por lo que es mejor asegurarse desde el principio.<\/span><\/span>\n<p>\u00a0<\/p>\n<\/li>\n<li><strong>Para moverse por la ciudad es mejor caminar o tomar el transporte p\u00fablico<\/strong>. Palma es una ciudad muy concurrida y el casco antiguo es peatonal casi en su totalidad, as\u00ed que no podr\u00e1s llegar a todas partes con tu veh\u00edculo. Para el aparcamiento ten en cuenta que la mayor\u00eda es zona azul, as\u00ed que en ocasiones un paseo sale m\u00e1s a cuenta.\n<\/li>\n<li>Si quieres visitar monumentos y museos sin gastar demasiado, puedes <strong>comprobar los precios en internet.<\/strong> Algunos lugares tienen entradas gratuitas algunos d\u00edas de la semana o descuentos para algunos colectivos. No olvides comprobarlo con antelaci\u00f3n.\n<\/li>\n<li><strong>Si quieres pasear por Palma a tu ritmo te recomendamos que en los meses de verano lo hagas de noche<\/strong>. No solo bajar\u00e1n mucho las temperaturas, sino que tambi\u00e9n encontrar\u00e1s m\u00e1s ambiente en las calles. Adem\u00e1s, no olvides llevar siempre una botella de agua, no encontrar\u00e1s muchas fuentes de agua potable en tu paseo.\n<\/li>\n<li>\u00bfTe gusta madrugar? Si quieres disfrutar de un d\u00eda de playa lo mejor es hacer un peque\u00f1o esfuerzo e intentar estar sobre las 9h o antes. A partir de las 10h se vuelve un poco complicado encontrar parking en algunas calas y el calor dificulta el recorrido hasta el agua en los casos en los que haya que hacer un peque\u00f1o paseo desde el parking al mar.<\/li>\n<\/ul>\n\t\t\t\t\t\t\t\t<\/div>\n\t\t\t\t<\/div>\n\t\t\t\t\t<\/div>\n\t\t<\/div>\n\t\t\t\t\t<\/div>\n\t\t<\/section>\n\t\t\t\t<\/div>\n\t\t","protected":false},"excerpt":{"rendered":"<p>free tour palma Palma de Mallorca, un para\u00edso de playa y cultura Mallorca es uno de los destinos con m\u00e1s encanto del Mediterr\u00e1neo gracias a sus verdes monta\u00f1as, su radiante sol, sus playas de mar azul y fina arena blanca\u2026 Pero Mallorca es mucho m\u00e1s, \u00bfte animas a descubrirlo? Si viajamos hasta el sudeste de [&hellip;]<\/p>\n","protected":false},"author":7,"featured_media":0,"parent":6122,"menu_order":0,"comment_status":"closed","ping_status":"closed","template":"elementor_header_footer","meta":{"_jet_sm_ready_style":"","_jet_sm_style":"","_jet_sm_controls_values":"","_jet_sm_fonts_collection":"","_jet_sm_fonts_links":"","_joinchat":[],"footnotes":""},"wf_page_folders":[385],"class_list":["post-19490","page","type-page","status-publish","hentry"],"custom-ciudades":null,"_links":{"self":[{"href":"https:\/\/spainfreetours.com\/en\/wp-json\/wp\/v2\/pages\/19490","targetHints":{"allow":["GET"]}}],"collection":[{"href":"https:\/\/spainfreetours.com\/en\/wp-json\/wp\/v2\/pages"}],"about":[{"href":"https:\/\/spainfreetours.com\/en\/wp-json\/wp\/v2\/types\/page"}],"author":[{"embeddable":true,"href":"https:\/\/spainfreetours.com\/en\/wp-json\/wp\/v2\/users\/7"}],"replies":[{"embeddable":true,"href":"https:\/\/spainfreetours.com\/en\/wp-json\/wp\/v2\/comments?post=19490"}],"version-history":[{"count":1,"href":"https:\/\/spainfreetours.com\/en\/wp-json\/wp\/v2\/pages\/19490\/revisions"}],"predecessor-version":[{"id":19491,"href":"https:\/\/spainfreetours.com\/en\/wp-json\/wp\/v2\/pages\/19490\/revisions\/19491"}],"up":[{"embeddable":true,"href":"https:\/\/spainfreetours.com\/en\/wp-json\/wp\/v2\/pages\/6122"}],"wp:attachment":[{"href":"https:\/\/spainfreetours.com\/en\/wp-json\/wp\/v2\/media?parent=19490"}],"wp:term":[{"taxonomy":"wf_page_folders","embeddable":true,"href":"https:\/\/spainfreetours.com\/en\/wp-json\/wp\/v2\/wf_page_folders?post=19490"}],"curies":[{"name":"wp","href":"https:\/\/api.w.org\/{rel}","templated":true}]}}