{"id":19488,"date":"2022-07-15T12:25:45","date_gmt":"2022-07-15T10:25:45","guid":{"rendered":"https:\/\/spainfreetours.com\/tours\/oviedo\/"},"modified":"2024-10-21T11:56:19","modified_gmt":"2024-10-21T09:56:19","slug":"oviedo","status":"publish","type":"page","link":"https:\/\/spainfreetours.com\/en\/tours\/oviedo\/","title":{"rendered":"Oviedo"},"content":{"rendered":"\t\t<div data-elementor-type=\"wp-post\" data-elementor-id=\"19488\" class=\"elementor elementor-19488 elementor-6453\" data-elementor-post-type=\"page\">\n\t\t\t\t\t\t<section class=\"elementor-section elementor-top-section elementor-element elementor-element-13ca3c2 elementor-section-height-min-height elementor-section-boxed elementor-section-height-default elementor-section-items-middle\" data-id=\"13ca3c2\" data-element_type=\"section\" data-e-type=\"section\" data-settings=\"{&quot;jet_parallax_layout_list&quot;:[{&quot;jet_parallax_layout_image&quot;:{&quot;url&quot;:&quot;&quot;,&quot;id&quot;:&quot;&quot;,&quot;size&quot;:&quot;&quot;},&quot;_id&quot;:&quot;458a38c&quot;,&quot;jet_parallax_layout_image_tablet&quot;:{&quot;url&quot;:&quot;&quot;,&quot;id&quot;:&quot;&quot;,&quot;size&quot;:&quot;&quot;},&quot;jet_parallax_layout_image_mobile&quot;:{&quot;url&quot;:&quot;&quot;,&quot;id&quot;:&quot;&quot;,&quot;size&quot;:&quot;&quot;},&quot;jet_parallax_layout_speed&quot;:{&quot;unit&quot;:&quot;%&quot;,&quot;size&quot;:50,&quot;sizes&quot;:[]},&quot;jet_parallax_layout_type&quot;:&quot;scroll&quot;,&quot;jet_parallax_layout_direction&quot;:&quot;1&quot;,&quot;jet_parallax_layout_fx_direction&quot;:null,&quot;jet_parallax_layout_z_index&quot;:&quot;&quot;,&quot;jet_parallax_layout_bg_x&quot;:50,&quot;jet_parallax_layout_bg_x_tablet&quot;:&quot;&quot;,&quot;jet_parallax_layout_bg_x_mobile&quot;:&quot;&quot;,&quot;jet_parallax_layout_bg_y&quot;:50,&quot;jet_parallax_layout_bg_y_tablet&quot;:&quot;&quot;,&quot;jet_parallax_layout_bg_y_mobile&quot;:&quot;&quot;,&quot;jet_parallax_layout_bg_size&quot;:&quot;auto&quot;,&quot;jet_parallax_layout_bg_size_tablet&quot;:&quot;&quot;,&quot;jet_parallax_layout_bg_size_mobile&quot;:&quot;&quot;,&quot;jet_parallax_layout_animation_prop&quot;:&quot;transform&quot;,&quot;jet_parallax_layout_on&quot;:[&quot;desktop&quot;,&quot;tablet&quot;]}],&quot;background_background&quot;:&quot;slideshow&quot;,&quot;background_slideshow_gallery&quot;:[{&quot;id&quot;:5043,&quot;url&quot;:&quot;https:\\\/\\\/spainfreetours.com\\\/wp-content\\\/uploads\\\/2022\\\/06\\\/portada-oviedo-esencial.jpg&quot;},{&quot;id&quot;:5104,&quot;url&quot;:&quot;https:\\\/\\\/spainfreetours.com\\\/wp-content\\\/uploads\\\/2022\\\/06\\\/portada-oviedo-1.jpg&quot;}],&quot;background_slideshow_loop&quot;:&quot;yes&quot;,&quot;background_slideshow_slide_duration&quot;:5000,&quot;background_slideshow_slide_transition&quot;:&quot;fade&quot;,&quot;background_slideshow_transition_duration&quot;:500}\">\n\t\t\t\t\t\t<div class=\"elementor-container elementor-column-gap-default\">\n\t\t\t\t\t<div class=\"elementor-column elementor-col-100 elementor-top-column elementor-element elementor-element-1ede690\" data-id=\"1ede690\" data-element_type=\"column\" data-e-type=\"column\">\n\t\t\t<div class=\"elementor-widget-wrap elementor-element-populated\">\n\t\t\t\t\t\t<div class=\"elementor-element elementor-element-b3c068d elementor-widget elementor-widget-heading\" data-id=\"b3c068d\" data-element_type=\"widget\" data-e-type=\"widget\" data-widget_type=\"heading.default\">\n\t\t\t\t<div class=\"elementor-widget-container\">\n\t\t\t\t\t<h1 class=\"elementor-heading-title elementor-size-default\"><b>free tour<\/b>  OVIEDO<\/h1>\t\t\t\t<\/div>\n\t\t\t\t<\/div>\n\t\t\t\t\t<\/div>\n\t\t<\/div>\n\t\t\t\t\t<\/div>\n\t\t<\/section>\n\t\t\t\t<section class=\"elementor-section elementor-top-section elementor-element elementor-element-12d9df48 elementor-section-boxed elementor-section-height-default elementor-section-height-default\" data-id=\"12d9df48\" data-element_type=\"section\" data-e-type=\"section\" id=\"TOUROVIEDO\" data-settings=\"{&quot;jet_parallax_layout_list&quot;:[{&quot;jet_parallax_layout_image&quot;:{&quot;url&quot;:&quot;&quot;,&quot;id&quot;:&quot;&quot;,&quot;size&quot;:&quot;&quot;},&quot;_id&quot;:&quot;c82f096&quot;,&quot;jet_parallax_layout_speed&quot;:{&quot;unit&quot;:&quot;%&quot;,&quot;size&quot;:50,&quot;sizes&quot;:[]},&quot;jet_parallax_layout_image_tablet&quot;:{&quot;url&quot;:&quot;&quot;,&quot;id&quot;:&quot;&quot;,&quot;size&quot;:&quot;&quot;},&quot;jet_parallax_layout_image_mobile&quot;:{&quot;url&quot;:&quot;&quot;,&quot;id&quot;:&quot;&quot;,&quot;size&quot;:&quot;&quot;},&quot;jet_parallax_layout_type&quot;:&quot;scroll&quot;,&quot;jet_parallax_layout_direction&quot;:&quot;1&quot;,&quot;jet_parallax_layout_fx_direction&quot;:null,&quot;jet_parallax_layout_z_index&quot;:&quot;&quot;,&quot;jet_parallax_layout_bg_x&quot;:50,&quot;jet_parallax_layout_bg_x_tablet&quot;:&quot;&quot;,&quot;jet_parallax_layout_bg_x_mobile&quot;:&quot;&quot;,&quot;jet_parallax_layout_bg_y&quot;:50,&quot;jet_parallax_layout_bg_y_tablet&quot;:&quot;&quot;,&quot;jet_parallax_layout_bg_y_mobile&quot;:&quot;&quot;,&quot;jet_parallax_layout_bg_size&quot;:&quot;auto&quot;,&quot;jet_parallax_layout_bg_size_tablet&quot;:&quot;&quot;,&quot;jet_parallax_layout_bg_size_mobile&quot;:&quot;&quot;,&quot;jet_parallax_layout_animation_prop&quot;:&quot;transform&quot;,&quot;jet_parallax_layout_on&quot;:[&quot;desktop&quot;,&quot;tablet&quot;]}]}\">\n\t\t\t\t\t\t<div class=\"elementor-container elementor-column-gap-default\">\n\t\t\t\t\t<div class=\"elementor-column elementor-col-100 elementor-top-column elementor-element elementor-element-6b1f411f\" data-id=\"6b1f411f\" data-element_type=\"column\" data-e-type=\"column\">\n\t\t\t<div class=\"elementor-widget-wrap elementor-element-populated\">\n\t\t\t\t\t\t<div class=\"elementor-element elementor-element-72bf3bc6 elementor-widget elementor-widget-jet-listing-grid\" data-id=\"72bf3bc6\" data-element_type=\"widget\" data-e-type=\"widget\" id=\"listing-main\" data-settings=\"{&quot;columns&quot;:&quot;3&quot;,&quot;columns_tablet&quot;:&quot;1&quot;,&quot;columns_mobile&quot;:&quot;1&quot;}\" data-widget_type=\"jet-listing-grid.default\">\n\t\t\t\t<div class=\"elementor-widget-container\">\n\t\t\t\t\t<div class=\"jet-listing-grid jet-listing-grid--lazy-load jet-listing jet-listing-grid-loading\" data-lazy-load=\"{&quot;offset&quot;:&quot;0px&quot;,&quot;post_id&quot;:19488,&quot;queried_id&quot;:&quot;19488|WP_Post&quot;}\"><div class=\"jet-listing-grid__loader\"><div class=\"jet-listing-grid__loader-spinner\"><\/div><\/div><\/div>\t\t\t\t<\/div>\n\t\t\t\t<\/div>\n\t\t\t\t\t<\/div>\n\t\t<\/div>\n\t\t\t\t\t<\/div>\n\t\t<\/section>\n\t\t\t\t<section class=\"elementor-section elementor-top-section elementor-element elementor-element-bf10d2b elementor-section-boxed elementor-section-height-default elementor-section-height-default\" data-id=\"bf10d2b\" data-element_type=\"section\" data-e-type=\"section\" data-settings=\"{&quot;jet_parallax_layout_list&quot;:[]}\">\n\t\t\t\t\t\t<div class=\"elementor-container elementor-column-gap-default\">\n\t\t\t\t\t<div class=\"elementor-column elementor-col-100 elementor-top-column elementor-element elementor-element-2e32359\" data-id=\"2e32359\" data-element_type=\"column\" data-e-type=\"column\">\n\t\t\t<div class=\"elementor-widget-wrap elementor-element-populated\">\n\t\t\t\t\t\t<div class=\"elementor-element elementor-element-3950817 elementor-widget elementor-widget-heading\" data-id=\"3950817\" data-element_type=\"widget\" data-e-type=\"widget\" data-widget_type=\"heading.default\">\n\t\t\t\t<div class=\"elementor-widget-container\">\n\t\t\t\t\t<h2 class=\"elementor-heading-title elementor-size-default\">Free Tours en Oviedo, la ciudad que debes conocer<\/h2>\t\t\t\t<\/div>\n\t\t\t\t<\/div>\n\t\t\t\t<div class=\"elementor-element elementor-element-103d860 elementor-widget elementor-widget-text-editor\" data-id=\"103d860\" data-element_type=\"widget\" data-e-type=\"widget\" data-widget_type=\"text-editor.default\">\n\t\t\t\t<div class=\"elementor-widget-container\">\n\t\t\t\t\t\t\t\t\t<p><strong>Oviedo, capital del Principado, sumerge al visitante en su intensa vida cultural, art\u00edstica y gastron\u00f3mica<\/strong>.<\/p>\n<p>La ciudad cuenta con el legado de los reyes medievales asturianos, creadores del Arte Prerrom\u00e1nico de la Monarqu\u00eda Asturiana, Patrimonio de la Humanidad por la UNESCO, ser\u00e1 la capital del reino astur, gracias a la intervenci\u00f3n de Alfonso II el Casto, primer peregrino de Santiago de Compostela.<\/p>\n<p><strong>\u00bfSab\u00edas que fue una de las primeras ciudades ilustradas gracias al padre Feijoo?<\/strong> Con la Revoluci\u00f3n Industrial y gracias a Jovellanos, empezar\u00e1 a adquirir su imagen de capital se\u00f1orial, y recibir\u00e1 su \u00faltimo golpe, la Revoluci\u00f3n minera del 34 y la Guerra Civil.<\/p>\n<p>Es importante visitarla para entender no solo la historia de Asturias, si no de Espa\u00f1a. Los monumentos del Naranco, San Juli\u00e1n de los Prados, la Foncalada, el Arte Prerrom\u00e1nico de la Monarqu\u00eda Asturiana nos abre las puertas a nuestro pasado. Su Catedral de San Salvador y la C\u00e1mara Santa, con reliquias que sorprendieron al Cid. El patrimonio hist\u00f3rico y art\u00edstico de la mano del Museo Arqueol\u00f3gico de Asturias y del Museo de Bellas Artes de Asturias, con Picasso, Sorolla, Dal\u00ed, El Greco o Goya.<\/p>\n<p>Es una ciudad que enamor\u00f3 al escritor Leopoldo Alas Clar\u00edn y a Woody Allen, y que la utilizaron de escenario para la segunda novela m\u00e1s le\u00edda en Espa\u00f1a por detr\u00e1s del Quijote, La Regenta; y para \u201cVicky Cristina Barcelona\u201d.<\/p>\n<p>Es la ciudad que <strong>acoge los Premios Princesa de Asturias en su emblem\u00e1tico Teatro Campoamor,<\/strong> que ha recibido a Woody Allen, Bob Dylan, Marina Abramovic o Gloria Steinem.<\/p>\n\t\t\t\t\t\t\t\t<\/div>\n\t\t\t\t<\/div>\n\t\t\t\t<div class=\"elementor-element elementor-element-8e7950b elementor-widget elementor-widget-heading\" data-id=\"8e7950b\" data-element_type=\"widget\" data-e-type=\"widget\" data-widget_type=\"heading.default\">\n\t\t\t\t<div class=\"elementor-widget-container\">\n\t\t\t\t\t<h2 class=\"elementor-heading-title elementor-size-default\">\u00bfQu\u00e9 vamos a ver en Oviedo?<\/h2>\t\t\t\t<\/div>\n\t\t\t\t<\/div>\n\t\t\t\t<div class=\"elementor-element elementor-element-a7a6f06 elementor-widget elementor-widget-text-editor\" data-id=\"a7a6f06\" data-element_type=\"widget\" data-e-type=\"widget\" data-widget_type=\"text-editor.default\">\n\t\t\t\t<div class=\"elementor-widget-container\">\n\t\t\t\t\t\t\t\t\t<p>Te invitamos a <strong>conocer los secretos de la capital asturiana<\/strong> en un apasionante itinerario por sus joyas m\u00e1s destacadas, de la mano de personajes ilustres que nos har\u00e1n de gu\u00edas por la ciudad. Recorreremos los pasos de los primeros peregrinos en nuestra peculiar ruta.<\/p>\n<p>Nos dar\u00e1 la bienvenida nada m\u00e1s y nada menos que Alfonso II de Asturias, apodado El Casto. <strong>\u00bfSab\u00edas que durante su reinado se descubri\u00f3 en Compostela la tumba del ap\u00f3stol Santiago?<\/strong> Efectivamente, fue el primer peregrino y decidi\u00f3 fijar su corte en Oviedo.<br \/>A \u00e9l debemos muchos de nuestros tesoros y se\u00f1as de identidad asturianas, como la Iglesia de San Tirso. En ella nos detendremos a apreciar el ventanal prerrom\u00e1nico que se ha convertido en el emblema tur\u00edstico de Asturias, \u00bfQuieres saber por qu\u00e9? \u00a1Te lo explicamos!<\/p>\n<p>Nuestra particular peregrinaci\u00f3n partir\u00e1 de la Catedral de San Salvador. No todo el mundo sabe que <strong>en ella se conservan las reliquias asturianas m\u00e1s importantes: las cruces de la Victoria y de los \u00c1ngeles<\/strong>, s\u00edmbolos de nuestro territorio.<\/p>\n<p>A pocos pasos nos toparemos con la Capilla de la Balesquida, sede de la Cofrad\u00eda de alfaytes, o m\u00e1s com\u00fanmente denominados sastres. <strong>Te contaremos los secretos del Monasterio de San Pelayo<\/strong> y tendremos tiempo de visitar el Museo Arqueol\u00f3gico desde la Plaza Feijoo. \u00bfQuieres conocer a este personaje? \u00a1Es nada menos que el padre de la ilustraci\u00f3n espa\u00f1ola!<\/p>\n<p>Adem\u00e1s de ense\u00f1arte tan destacados monumentos, tambi\u00e9n <strong>te mostraremos las calles y plazas m\u00e1s emblem\u00e1ticas de Oviedo<\/strong>. Acabar\u00e1s sinti\u00e9ndote m\u00e1s asturiano que nadie, recorriendo la Plaza de San Isidoro, la Calle Mon, La Escandalera o plaza de los mil nombres, la Plaza del Paraguas, la Plaza del Font\u00e1n y el Parque de San Francisco.<\/p>\n<p>Folklore, modernidad, historia, leyendas, gastronom\u00eda, patrimonio, arte, cultura\u2026 \u00a1En nuestro free tour saborear\u00e1s la esencia asturiana en todas sus vertientes!<\/p>\n\t\t\t\t\t\t\t\t<\/div>\n\t\t\t\t<\/div>\n\t\t\t\t<div class=\"elementor-element elementor-element-786c64d elementor-widget elementor-widget-heading\" data-id=\"786c64d\" data-element_type=\"widget\" data-e-type=\"widget\" data-widget_type=\"heading.default\">\n\t\t\t\t<div class=\"elementor-widget-container\">\n\t\t\t\t\t<h2 class=\"elementor-heading-title elementor-size-default\">Breve explicaci\u00f3n de nuestros tours en Oviedo<\/h2>\t\t\t\t<\/div>\n\t\t\t\t<\/div>\n\t\t\t\t<div class=\"elementor-element elementor-element-ff7af63 elementor-widget elementor-widget-text-editor\" data-id=\"ff7af63\" data-element_type=\"widget\" data-e-type=\"widget\" data-widget_type=\"text-editor.default\">\n\t\t\t\t<div class=\"elementor-widget-container\">\n\t\t\t\t\t\t\t\t\t<p><span style=\"font-weight: 400;\">En Oviedo<strong> te estar\u00e1n esperando dos buenos anfitriones de la ciudad, Alicia y Luis<\/strong>, dos historiadores del arte que te contagiar\u00e1n su amor por esta regi\u00f3n.\u00a0<\/span><\/p>\n<p><span style=\"font-weight: 400;\">Alicia, carbayona, te mostrar\u00e1 como <strong>Juego de Tronos se queda peque\u00f1o al lado de los reyes medievales asturianos<\/strong> que vivieron en el Oviedo, los l\u00edos en los que se metieron los ilustrados Feijoo y Jovellanos y <strong>porqu\u00e9 est\u00e1 Mafalda en Oviedo<\/strong>. Te ense\u00f1ar\u00e1 ese Ovetao medieval, hasta el Oviedo del ferrocarril de la Revoluci\u00f3n Industrial. Si la acompa\u00f1as por la noche, no te encontrar\u00e1s con Alicia, sino con un \u00e1nima del purgatorio de la G\u00fcestia, un fantasma que te guiar\u00e1 por la Asturias M\u00e1gica de <\/span><i><span style=\"font-weight: 400;\">trasgus, xanas<\/span><\/i><span style=\"font-weight: 400;\"> y cu\u00e9lebres. <strong>Hablaremos de exorcismos y de los amuletos que necesitamos para librarnos de los Males de Ojo<\/strong>.\u00a0 La magia se abrir\u00e1 paso, y habr\u00e1s de superar varias pruebas, \u00bfser\u00e1s tan valiente?<\/span><\/p>\n<p><span style=\"font-weight: 400;\"><strong>Con Luis<\/strong>, de la cuenca minera, a trav\u00e9s de sus grandes conocimientos <strong>descubriremos como el arte y los monumentos nos hablan sobre el pasado<\/strong>, y sumergi\u00e9ndonos en el Museo Arqueol\u00f3gico o el Museo de Bellas Artes descubriremos los secretos de la capital de Asturias. Atravesar\u00e1s la historia y sociedad de Oviedo y de Asturias a trav\u00e9s de los edificios m\u00e1s emblem\u00e1ticos y jardines secretos como el Jard\u00edn de las Recoletas \u00a1hasta nos meteremos en un banco! Cuando el sol caiga, y se convertir\u00e1 en su gu\u00eda en la noche, descubri\u00e9ndote los miedos y supersticiones que atormentaban a la sociedad asturiana meti\u00e9ndote en una casona tradicional de madera\u2026 los santuarios antiguos en el Museo de Bellas Artes, que nos hablan de grandes dioses que hac\u00edan temblar al Imperio Romano, como Aramo, hasta terminar en el bosque, y hacer un \u00faltimo baile, atravesando la puerta de San Isidoro, hacia el m\u00e1s all\u00e1.<\/span><\/p>\n\t\t\t\t\t\t\t\t<\/div>\n\t\t\t\t<\/div>\n\t\t\t\t\t<\/div>\n\t\t<\/div>\n\t\t\t\t\t<\/div>\n\t\t<\/section>\n\t\t\t\t<section class=\"elementor-section elementor-top-section elementor-element elementor-element-245f8a9 elementor-section-boxed elementor-section-height-default elementor-section-height-default\" data-id=\"245f8a9\" data-element_type=\"section\" data-e-type=\"section\" data-settings=\"{&quot;jet_parallax_layout_list&quot;:[]}\">\n\t\t\t\t\t\t<div class=\"elementor-container elementor-column-gap-default\">\n\t\t\t\t\t<div class=\"elementor-column elementor-col-100 elementor-top-column elementor-element elementor-element-76d05a0\" data-id=\"76d05a0\" data-element_type=\"column\" data-e-type=\"column\">\n\t\t\t<div class=\"elementor-widget-wrap elementor-element-populated\">\n\t\t\t\t\t\t<div class=\"elementor-element elementor-element-1cc97d7 elementor-align-center elementor-widget elementor-widget-button\" data-id=\"1cc97d7\" data-element_type=\"widget\" data-e-type=\"widget\" data-widget_type=\"button.default\">\n\t\t\t\t<div class=\"elementor-widget-container\">\n\t\t\t\t\t\t\t\t\t<div class=\"elementor-button-wrapper\">\n\t\t\t\t\t<a class=\"elementor-button elementor-button-link elementor-size-sm elementor-animation-grow\" href=\"#TOUROVIEDO\">\n\t\t\t\t\t\t<span class=\"elementor-button-content-wrapper\">\n\t\t\t\t\t\t\t\t\t<span class=\"elementor-button-text\">VER LOS TOURS<\/span>\n\t\t\t\t\t<\/span>\n\t\t\t\t\t<\/a>\n\t\t\t\t<\/div>\n\t\t\t\t\t\t\t\t<\/div>\n\t\t\t\t<\/div>\n\t\t\t\t\t<\/div>\n\t\t<\/div>\n\t\t\t\t\t<\/div>\n\t\t<\/section>\n\t\t\t\t<\/div>\n\t\t","protected":false},"excerpt":{"rendered":"<p>free tour OVIEDO Free Tours en Oviedo, la ciudad que debes conocer Oviedo, capital del Principado, sumerge al visitante en su intensa vida cultural, art\u00edstica y gastron\u00f3mica. La ciudad cuenta con el legado de los reyes medievales asturianos, creadores del Arte Prerrom\u00e1nico de la Monarqu\u00eda Asturiana, Patrimonio de la Humanidad por la UNESCO, ser\u00e1 la [&hellip;]<\/p>\n","protected":false},"author":7,"featured_media":0,"parent":6122,"menu_order":0,"comment_status":"closed","ping_status":"closed","template":"elementor_header_footer","meta":{"_jet_sm_ready_style":"","_jet_sm_style":"","_jet_sm_controls_values":"","_jet_sm_fonts_collection":"","_jet_sm_fonts_links":"","_joinchat":[],"footnotes":""},"wf_page_folders":[385],"class_list":["post-19488","page","type-page","status-publish","hentry"],"custom-ciudades":null,"_links":{"self":[{"href":"https:\/\/spainfreetours.com\/en\/wp-json\/wp\/v2\/pages\/19488","targetHints":{"allow":["GET"]}}],"collection":[{"href":"https:\/\/spainfreetours.com\/en\/wp-json\/wp\/v2\/pages"}],"about":[{"href":"https:\/\/spainfreetours.com\/en\/wp-json\/wp\/v2\/types\/page"}],"author":[{"embeddable":true,"href":"https:\/\/spainfreetours.com\/en\/wp-json\/wp\/v2\/users\/7"}],"replies":[{"embeddable":true,"href":"https:\/\/spainfreetours.com\/en\/wp-json\/wp\/v2\/comments?post=19488"}],"version-history":[{"count":1,"href":"https:\/\/spainfreetours.com\/en\/wp-json\/wp\/v2\/pages\/19488\/revisions"}],"predecessor-version":[{"id":19489,"href":"https:\/\/spainfreetours.com\/en\/wp-json\/wp\/v2\/pages\/19488\/revisions\/19489"}],"up":[{"embeddable":true,"href":"https:\/\/spainfreetours.com\/en\/wp-json\/wp\/v2\/pages\/6122"}],"wp:attachment":[{"href":"https:\/\/spainfreetours.com\/en\/wp-json\/wp\/v2\/media?parent=19488"}],"wp:term":[{"taxonomy":"wf_page_folders","embeddable":true,"href":"https:\/\/spainfreetours.com\/en\/wp-json\/wp\/v2\/wf_page_folders?post=19488"}],"curies":[{"name":"wp","href":"https:\/\/api.w.org\/{rel}","templated":true}]}}