{"id":19480,"date":"2023-01-18T12:44:12","date_gmt":"2023-01-18T11:44:12","guid":{"rendered":"https:\/\/spainfreetours.com\/tours\/madrid\/"},"modified":"2024-10-21T11:46:56","modified_gmt":"2024-10-21T09:46:56","slug":"madrid","status":"publish","type":"page","link":"https:\/\/spainfreetours.com\/en\/tours\/madrid\/","title":{"rendered":"Madrid"},"content":{"rendered":"\t\t<div data-elementor-type=\"wp-post\" data-elementor-id=\"19480\" class=\"elementor elementor-19480 elementor-12554\" data-elementor-post-type=\"page\">\n\t\t\t\t\t\t<section class=\"elementor-section elementor-top-section elementor-element elementor-element-13ca3c2 elementor-section-boxed elementor-section-height-default elementor-section-height-default\" data-id=\"13ca3c2\" data-element_type=\"section\" data-e-type=\"section\" data-settings=\"{&quot;jet_parallax_layout_list&quot;:[{&quot;jet_parallax_layout_image&quot;:{&quot;url&quot;:&quot;&quot;,&quot;id&quot;:&quot;&quot;,&quot;size&quot;:&quot;&quot;},&quot;_id&quot;:&quot;458a38c&quot;,&quot;jet_parallax_layout_image_tablet&quot;:{&quot;url&quot;:&quot;&quot;,&quot;id&quot;:&quot;&quot;,&quot;size&quot;:&quot;&quot;},&quot;jet_parallax_layout_image_mobile&quot;:{&quot;url&quot;:&quot;&quot;,&quot;id&quot;:&quot;&quot;,&quot;size&quot;:&quot;&quot;},&quot;jet_parallax_layout_speed&quot;:{&quot;unit&quot;:&quot;%&quot;,&quot;size&quot;:50,&quot;sizes&quot;:[]},&quot;jet_parallax_layout_type&quot;:&quot;scroll&quot;,&quot;jet_parallax_layout_direction&quot;:&quot;1&quot;,&quot;jet_parallax_layout_fx_direction&quot;:null,&quot;jet_parallax_layout_z_index&quot;:&quot;&quot;,&quot;jet_parallax_layout_bg_x&quot;:50,&quot;jet_parallax_layout_bg_x_tablet&quot;:&quot;&quot;,&quot;jet_parallax_layout_bg_x_mobile&quot;:&quot;&quot;,&quot;jet_parallax_layout_bg_y&quot;:50,&quot;jet_parallax_layout_bg_y_tablet&quot;:&quot;&quot;,&quot;jet_parallax_layout_bg_y_mobile&quot;:&quot;&quot;,&quot;jet_parallax_layout_bg_size&quot;:&quot;auto&quot;,&quot;jet_parallax_layout_bg_size_tablet&quot;:&quot;&quot;,&quot;jet_parallax_layout_bg_size_mobile&quot;:&quot;&quot;,&quot;jet_parallax_layout_animation_prop&quot;:&quot;transform&quot;,&quot;jet_parallax_layout_on&quot;:[&quot;desktop&quot;,&quot;tablet&quot;]}],&quot;background_background&quot;:&quot;slideshow&quot;,&quot;background_slideshow_gallery&quot;:[{&quot;id&quot;:11664,&quot;url&quot;:&quot;https:\\\/\\\/spainfreetours.com\\\/wp-content\\\/uploads\\\/2023\\\/01\\\/madrid_esencial02.jpg&quot;},{&quot;id&quot;:11670,&quot;url&quot;:&quot;https:\\\/\\\/spainfreetours.com\\\/wp-content\\\/uploads\\\/2023\\\/01\\\/madrid_esencial05.jpg&quot;},{&quot;id&quot;:11672,&quot;url&quot;:&quot;https:\\\/\\\/spainfreetours.com\\\/wp-content\\\/uploads\\\/2023\\\/01\\\/madrid_esencial06.jpg&quot;}],&quot;background_slideshow_loop&quot;:&quot;yes&quot;,&quot;background_slideshow_slide_duration&quot;:5000,&quot;background_slideshow_slide_transition&quot;:&quot;fade&quot;,&quot;background_slideshow_transition_duration&quot;:500}\">\n\t\t\t\t\t\t<div class=\"elementor-container elementor-column-gap-default\">\n\t\t\t\t\t<div class=\"elementor-column elementor-col-100 elementor-top-column elementor-element elementor-element-1ede690\" data-id=\"1ede690\" data-element_type=\"column\" data-e-type=\"column\">\n\t\t\t<div class=\"elementor-widget-wrap elementor-element-populated\">\n\t\t\t\t\t\t<div class=\"elementor-element elementor-element-b3c068d elementor-widget elementor-widget-heading\" data-id=\"b3c068d\" data-element_type=\"widget\" data-e-type=\"widget\" data-widget_type=\"heading.default\">\n\t\t\t\t<div class=\"elementor-widget-container\">\n\t\t\t\t\t<h1 class=\"elementor-heading-title elementor-size-default\"><b>free tour<\/b>  Madrid<\/h1>\t\t\t\t<\/div>\n\t\t\t\t<\/div>\n\t\t\t\t\t<\/div>\n\t\t<\/div>\n\t\t\t\t\t<\/div>\n\t\t<\/section>\n\t\t\t\t<section class=\"elementor-section elementor-top-section elementor-element elementor-element-12d9df48 elementor-section-boxed elementor-section-height-default elementor-section-height-default\" data-id=\"12d9df48\" data-element_type=\"section\" data-e-type=\"section\" data-settings=\"{&quot;jet_parallax_layout_list&quot;:[{&quot;jet_parallax_layout_image&quot;:{&quot;url&quot;:&quot;&quot;,&quot;id&quot;:&quot;&quot;,&quot;size&quot;:&quot;&quot;},&quot;_id&quot;:&quot;c82f096&quot;,&quot;jet_parallax_layout_speed&quot;:{&quot;unit&quot;:&quot;%&quot;,&quot;size&quot;:50,&quot;sizes&quot;:[]},&quot;jet_parallax_layout_image_tablet&quot;:{&quot;url&quot;:&quot;&quot;,&quot;id&quot;:&quot;&quot;,&quot;size&quot;:&quot;&quot;},&quot;jet_parallax_layout_image_mobile&quot;:{&quot;url&quot;:&quot;&quot;,&quot;id&quot;:&quot;&quot;,&quot;size&quot;:&quot;&quot;},&quot;jet_parallax_layout_type&quot;:&quot;scroll&quot;,&quot;jet_parallax_layout_direction&quot;:&quot;1&quot;,&quot;jet_parallax_layout_fx_direction&quot;:null,&quot;jet_parallax_layout_z_index&quot;:&quot;&quot;,&quot;jet_parallax_layout_bg_x&quot;:50,&quot;jet_parallax_layout_bg_x_tablet&quot;:&quot;&quot;,&quot;jet_parallax_layout_bg_x_mobile&quot;:&quot;&quot;,&quot;jet_parallax_layout_bg_y&quot;:50,&quot;jet_parallax_layout_bg_y_tablet&quot;:&quot;&quot;,&quot;jet_parallax_layout_bg_y_mobile&quot;:&quot;&quot;,&quot;jet_parallax_layout_bg_size&quot;:&quot;auto&quot;,&quot;jet_parallax_layout_bg_size_tablet&quot;:&quot;&quot;,&quot;jet_parallax_layout_bg_size_mobile&quot;:&quot;&quot;,&quot;jet_parallax_layout_animation_prop&quot;:&quot;transform&quot;,&quot;jet_parallax_layout_on&quot;:[&quot;desktop&quot;,&quot;tablet&quot;]}]}\">\n\t\t\t\t\t\t<div class=\"elementor-container elementor-column-gap-default\">\n\t\t\t\t\t<div class=\"elementor-column elementor-col-100 elementor-top-column elementor-element elementor-element-6b1f411f\" data-id=\"6b1f411f\" data-element_type=\"column\" data-e-type=\"column\">\n\t\t\t<div class=\"elementor-widget-wrap elementor-element-populated\">\n\t\t\t\t\t\t<div class=\"elementor-element elementor-element-72bf3bc6 elementor-widget elementor-widget-jet-listing-grid\" data-id=\"72bf3bc6\" data-element_type=\"widget\" data-e-type=\"widget\" id=\"listing-main\" data-settings=\"{&quot;columns&quot;:&quot;3&quot;,&quot;columns_tablet&quot;:&quot;1&quot;,&quot;columns_mobile&quot;:&quot;1&quot;}\" data-widget_type=\"jet-listing-grid.default\">\n\t\t\t\t<div class=\"elementor-widget-container\">\n\t\t\t\t\t<div class=\"jet-listing-grid jet-listing-grid--lazy-load jet-listing jet-listing-grid-loading\" data-lazy-load=\"{&quot;offset&quot;:&quot;0px&quot;,&quot;post_id&quot;:19480,&quot;queried_id&quot;:&quot;19480|WP_Post&quot;}\"><div class=\"jet-listing-grid__loader\"><div class=\"jet-listing-grid__loader-spinner\"><\/div><\/div><\/div>\t\t\t\t<\/div>\n\t\t\t\t<\/div>\n\t\t\t\t\t<\/div>\n\t\t<\/div>\n\t\t\t\t\t<\/div>\n\t\t<\/section>\n\t\t\t\t<section class=\"elementor-section elementor-top-section elementor-element elementor-element-d6d7549 elementor-section-boxed elementor-section-height-default elementor-section-height-default\" data-id=\"d6d7549\" data-element_type=\"section\" data-e-type=\"section\" data-settings=\"{&quot;jet_parallax_layout_list&quot;:[]}\">\n\t\t\t\t\t\t<div class=\"elementor-container elementor-column-gap-default\">\n\t\t\t\t\t<div class=\"elementor-column elementor-col-100 elementor-top-column elementor-element elementor-element-27af921\" data-id=\"27af921\" data-element_type=\"column\" data-e-type=\"column\">\n\t\t\t<div class=\"elementor-widget-wrap elementor-element-populated\">\n\t\t\t\t\t\t<div class=\"elementor-element elementor-element-3530dc5 elementor-widget elementor-widget-heading\" data-id=\"3530dc5\" data-element_type=\"widget\" data-e-type=\"widget\" data-widget_type=\"heading.default\">\n\t\t\t\t<div class=\"elementor-widget-container\">\n\t\t\t\t\t<h2 class=\"elementor-heading-title elementor-size-default\">\u00bfPOR QU\u00c9 VISITAR MADRID?<\/h2>\t\t\t\t<\/div>\n\t\t\t\t<\/div>\n\t\t\t\t<div class=\"elementor-element elementor-element-384f9ec elementor-widget elementor-widget-text-editor\" data-id=\"384f9ec\" data-element_type=\"widget\" data-e-type=\"widget\" data-widget_type=\"text-editor.default\">\n\t\t\t\t<div class=\"elementor-widget-container\">\n\t\t\t\t\t\t\t\t\t<p><span style=\"font-weight: 400;\">Pongamos que hablo de Madrid\u2026 La ciudad de Madrid no solo es la capital de Espa\u00f1a, tambi\u00e9n es el centro geogr\u00e1fico y neur\u00e1lgico del pa\u00eds y el coraz\u00f3n de la Pen\u00ednsula Ib\u00e9rica. Madrid re\u00fane y aglutina lo mejor de cada rinc\u00f3n, acogiendo con los brazos abiertos a personas de toda clase y condici\u00f3n que provienen de pueblos y ciudades a lo largo y ancho de Espa\u00f1a\u2026 y del mundo.<\/span><\/p>\n<p><span style=\"font-weight: 400;\">Gran metr\u00f3poli abierta y cosmopolita, Madrid hace gala de su multiculturalidad y un paseo por sus calles certifica su celebraci\u00f3n de la diversidad. Por este motivo, en Madrid te sientes c\u00f3modo e incluido sin importar c\u00f3mo seas o de d\u00f3nde vengas, pero adem\u00e1s resulta una ciudad c\u00f3moda porque en ella puedes encontrar de todo y destaca como un destino ideal para compras, puedes moverte de un extremo a otro con facilidad y tambi\u00e9n es un perfecto punto de partida para explorar otros lugares, gracias a su ubicaci\u00f3n estrat\u00e9gica y lo bien conectada que se encuentra con el resto del pa\u00eds.<\/span><\/p>\n<p><span style=\"font-weight: 400;\">Pero estamos en Madrid y ante nosotros se despliegan infinidad de atracciones y actividades para explorar la ciudad. \u00bfPor qu\u00e9 visitar Madrid? Porque puedes conocer los lugares desde donde se ejerci\u00f3 el poder del primer imperio global de la humanidad, que inclu\u00eda territorios en los cinco continentes\u2026, y recorrer calles y plazas emblem\u00e1ticas, parques inmensos y edificios hist\u00f3ricos que atestiguan su glorioso pasado. Y, al mismo tiempo, descubrir enclaves que habitaron los mejores artistas, literatos y personalidades, dejando en ellos su huella y sus leyendas.<\/span><\/p>\n<p><span style=\"font-weight: 400;\">\u00bfTe parece poco? Pues prep\u00e1rate, porque en Madrid puedes encontrar una oferta cultural y de ocio apabullante, con gran variedad y calidad de museos y exposiciones, obras de teatro y musicales, cines y conciertos, cualquier d\u00eda de la semana y durante todo el a\u00f1o. Y es que la ciudad tambi\u00e9n es famosa por su riqueza de propuestas gastron\u00f3micas, su animada vida social y su ocio nocturno, con locales abiertos a todas horas y un buen ambiente que se contagia al visitante, siendo imposible aburrirse ante los infinitos est\u00edmulos que supone vivir Madrid.<\/span><\/p>\n\t\t\t\t\t\t\t\t<\/div>\n\t\t\t\t<\/div>\n\t\t\t\t<div class=\"elementor-element elementor-element-dbb57ca elementor-widget elementor-widget-heading\" data-id=\"dbb57ca\" data-element_type=\"widget\" data-e-type=\"widget\" data-widget_type=\"heading.default\">\n\t\t\t\t<div class=\"elementor-widget-container\">\n\t\t\t\t\t<h2 class=\"elementor-heading-title elementor-size-default\">LUGARES IMPRESCINDIBLES DE MADRID<\/h2>\t\t\t\t<\/div>\n\t\t\t\t<\/div>\n\t\t\t\t<div class=\"elementor-element elementor-element-3741570 elementor-widget elementor-widget-text-editor\" data-id=\"3741570\" data-element_type=\"widget\" data-e-type=\"widget\" data-widget_type=\"text-editor.default\">\n\t\t\t\t<div class=\"elementor-widget-container\">\n\t\t\t\t\t\t\t\t\t<p><span style=\"font-weight: 400;\">Madrid posee una lista interminable de atractivos, pero si tuvi\u00e9ramos que destacar los m\u00e1s importantes, aquellos que no te puedes perder por nada del mundo, empezar\u00edamos hablando de la <\/span><b>Gran V\u00eda<\/b><span style=\"font-weight: 400;\">, un escaparate de imponente arquitectura donde puedes encontrar la esencia de la ciudad: un caleidoscopio de personas que recorren esta arteria vital a todas horas del d\u00eda y de la noche, en incesante movimiento, y que reflejan la gran diversidad de sus habitantes. Adem\u00e1s de grandes marcas, en esta avenida se representan buena parte de los <\/span><b>musicales<\/b><span style=\"font-weight: 400;\"> de Madrid, conocida por la amplia oferta de funciones, siendo la cuarta urbe global en volumen de negocio de este tipo de espect\u00e1culo.<\/span><\/p>\n<p><span style=\"font-weight: 400;\">Siguiendo con espacios urbanos, resultan imprescindibles plazas como la <\/span><b>Puerta del Sol<\/b><span style=\"font-weight: 400;\">, hogar de la famosa escultura de El Oso y el Madro\u00f1o, s\u00edmbolo de Madrid, y de la Placa del Kil\u00f3metro Cero, origen de las carreteras radiales del Estado, as\u00ed como la ubicaci\u00f3n de la multitudinaria celebraci\u00f3n de Fin de A\u00f1o, siendo las campanadas desde la Casa de Correos el epicentro de la Nochevieja en todo el pa\u00eds.<\/span><\/p>\n<p><span style=\"font-weight: 400;\">Asimismo, es de visita obligada la <\/span><b>Plaza Mayor<\/b><span style=\"font-weight: 400;\">, un ejemplo magn\u00edfico de las t\u00edpicas plazas porticadas castellanas, que con la imponente estatua ecuestre de Felipe III constituye un fiel reflejo del <\/span><b>Madrid de los Austrias<\/b><span style=\"font-weight: 400;\">. Por otra parte, si buscas un paseo tranquilo, te esperan las calles del <\/span><b>Barrio de las Letras<\/b><span style=\"font-weight: 400;\">, en las que todav\u00eda se escuchan los ecos de los escritores del Siglo de Oro espa\u00f1ol, como Cervantes o Lope de Vega.<\/span><\/p>\n<p><span style=\"font-weight: 400;\">Si hablamos de monumentos, no puedes dejar de visitar el <\/span><b>Palacio Real<\/b><span style=\"font-weight: 400;\">, cuyas suntuosas salas han sido testigo de siglos de la historia de Espa\u00f1a y est\u00e1n cargadas de obras de arte y tesoros \u00fanicos. Enfrente de uno de los palacios m\u00e1s grandes del mundo se erige la colosal <\/span><b>Catedral de la Almudena,<\/b><span style=\"font-weight: 400;\"> el templo religioso m\u00e1s relevante de la capital. Para completar los hitos m\u00e1s monumentales de la ciudad, no olvides contemplar la <\/span><b>Puerta de Alcal\u00e1<\/b><span style=\"font-weight: 400;\"> o la fuente de <\/span><b>La<\/b> <b>Cibeles<\/b><span style=\"font-weight: 400;\">, elementos patrimoniales que ya forman parte de nuestra cultura popular.<\/span><\/p>\n<p><span style=\"font-weight: 400;\">Madrid tambi\u00e9n es distinguida por sus museos, entre los que destaca el <\/span><b>Museo del Prado<\/b><span style=\"font-weight: 400;\">, considerada la instituci\u00f3n cultural m\u00e1s importante del pa\u00eds y el mejor museo del mundo en pintura europea. Su gran colecci\u00f3n de cuadros de Goya, Vel\u00e1zquez o el Greco son la joya del llamado Tri\u00e1ngulo del Arte, que completan los centros <\/span><b>Reina Sof\u00eda<\/b><span style=\"font-weight: 400;\"> y <\/span><b>Thyssen-Bornemisza<\/b><span style=\"font-weight: 400;\"> en el eje formado por el Paseo del Prado. Junto a \u00e9l, se sit\u00faa el inmenso <\/span><b>Parque del Retiro<\/b><span style=\"font-weight: 400;\">, verdadero pulm\u00f3n verde de la ciudad, ideal para relajarse y desconectar del bullicio, con enclaves tan interesantes como el Gran Estanque o el <\/span><b>Palacio de Cristal<\/b><span style=\"font-weight: 400;\">.\u00a0\u00a0<\/span><\/p>\n<p><span style=\"font-weight: 400;\">Si nos dejamos guiar por el sentido del gusto, una parada obligatoria nos detiene en el <\/span><b>Mercado de San Miguel<\/b><span style=\"font-weight: 400;\">, un monumento a la cocina espa\u00f1ola<\/span> <span style=\"font-weight: 400;\">que<\/span> <span style=\"font-weight: 400;\">conserva su estructura original de hierro de principios del siglo XX en el que podemos probar desde el mejor jam\u00f3n ib\u00e9rico hasta el marisco m\u00e1s fresco llegado diariamente de Galicia, pasando por los arroces mediterr\u00e1neos o toda clase de quesos. Tampoco podemos irnos de Madrid sin probar algunos <\/span><b>platos t\u00edpicos<\/b><span style=\"font-weight: 400;\">, como son el bocadillo de calamares, el cocido madrile\u00f1o o las porras con chocolate.<\/span><\/p>\n<p><span style=\"font-weight: 400;\">Si est\u00e1s en la ciudad a finales del mes de junio, no te puedes perder la <\/span><b>fiesta del Orgullo LGBTIQ+<\/b><span style=\"font-weight: 400;\">, un gran festival para celebrar la diversidad que se prolonga una semana con epicentro en el barrio de <\/span><b>Chueca<\/b><span style=\"font-weight: 400;\"> y un amplio programa de actividades reivindicativas, culturales y l\u00fadicas. No es casualidad que el car\u00e1cter abierto de Madrid acoja esta celebraci\u00f3n como su mayor fiesta, de hecho la ciudad est\u00e1 considerada como uno de los mejores destinos LGTBIQA+ del mundo.<\/span><\/p>\n<p><span style=\"font-weight: 400;\">Para terminar nuestra lista, no podemos olvidarnos de los apasionados del deporte, que encontrar\u00e1n en el <\/span><b>Estadio Santiago Bernab\u00e9u<\/b><span style=\"font-weight: 400;\"> uno de sus principales santuarios, ni de los m\u00e1s rom\u00e1nticos, que pueden disfrutar de un pedacito del antiguo Egipto en el <\/span><b>Templo de Debod<\/b><span style=\"font-weight: 400;\">, rinc\u00f3n singular donde adem\u00e1s pueden contemplarse algunos de los atardeceres m\u00e1s bellos de la capital. Por \u00faltimo, merece una visita el <\/span><b>Congreso de los Diputados<\/b><span style=\"font-weight: 400;\">, s\u00edmbolo de la democracia espa\u00f1ola y foco de la historia reciente de nuestro pa\u00eds.<\/span><\/p>\n\t\t\t\t\t\t\t\t<\/div>\n\t\t\t\t<\/div>\n\t\t\t\t<div class=\"elementor-element elementor-element-a21c4d3 elementor-widget elementor-widget-heading\" data-id=\"a21c4d3\" data-element_type=\"widget\" data-e-type=\"widget\" data-widget_type=\"heading.default\">\n\t\t\t\t<div class=\"elementor-widget-container\">\n\t\t\t\t\t<h2 class=\"elementor-heading-title elementor-size-default\">ALGUNOS CONSEJOS SOBRE LA CIUDAD DE MADRID<\/h2>\t\t\t\t<\/div>\n\t\t\t\t<\/div>\n\t\t\t\t<div class=\"elementor-element elementor-element-9463068 elementor-widget elementor-widget-text-editor\" data-id=\"9463068\" data-element_type=\"widget\" data-e-type=\"widget\" data-widget_type=\"text-editor.default\">\n\t\t\t\t<div class=\"elementor-widget-container\">\n\t\t\t\t\t\t\t\t\t<p><span style=\"font-weight: 400;\">Madrid es una de las ciudades m\u00e1s visitadas de Europa, que tiene mucho que ofrecer a casi cualquier tipo de turista. Aqu\u00ed van algunos tips para que prepares tu visita y no te pierdas detalle:<\/span><\/p>\n<ul>\n<li style=\"font-weight: 400;\" aria-level=\"1\"><span style=\"font-weight: 400;\">Como ya sabr\u00e1s, Madrid es una ciudad grande, y aunque muchos de sus atractivos se agrupan en el centro y resulta muy agradable pasear por determinadas calles y barrios, las distancias pueden ser considerables, as\u00ed que para trayectos medios y largos recomendamos desplazarse en metro, que con 12 l\u00edneas y sus conexiones destaca como una opci\u00f3n muy pr\u00e1ctica. Tambi\u00e9n han proliferado en los \u00faltimos a\u00f1os muchas redes de veh\u00edculos el\u00e9ctricos, patinetes y bicicletas de f\u00e1cil acceso, que resultan r\u00e1pidos y c\u00f3modos de utilizar y constituyen medios alternativos de movilidad sostenible.\n<p><\/span><\/li>\n<li style=\"font-weight: 400;\" aria-level=\"1\"><span style=\"font-weight: 400;\">Aunque de vez en cuando es preferible dejarse llevar y reservar momentos para la improvisaci\u00f3n, tambi\u00e9n consideramos importante que planifiques tu visita, sobre todo si quieres ahorrar tiempo\u2026 y dinero. Consulta el horario de los museos que desees visitar y f\u00edjate bien porque la mayor\u00eda contemplan alguna franja horaria con entrada gratuita, en ocasiones por la tarde al final de la jornada y especialmente en fines de semana y festivos.\n<p><\/span><\/li>\n<li style=\"font-weight: 400;\" aria-level=\"1\"><span style=\"font-weight: 400;\">Si tienes alg\u00fan rato libre en tu visita a la ciudad, te aconsejamos que te asomes a otra perspectiva y descubras Madrid desde las alturas. Existen infinidad de restaurantes, bares, \u00e1ticos y rooftops en las azoteas de los edificios, alejados del tr\u00e1fico y el ruido cotidiano, desde los que podr\u00e1s disfrutar de unas vistas magn\u00edficas de Madrid y unos atardeceres incre\u00edbles.\n<p><\/span><\/li>\n<li style=\"font-weight: 400;\" aria-level=\"1\"><span style=\"font-weight: 400;\">La oferta gastron\u00f3mica de la capital es enorme y variada, pudiendo degustar desde los platos m\u00e1s t\u00edpicos de la regi\u00f3n y el pa\u00eds hasta la cocina internacional de casi cualquier parte del mundo. Tambi\u00e9n existen restaurantes exquisitos al m\u00e1s alto nivel, pero si lo que deseas es tapear o comer en lugares aut\u00e9nticos a un precio razonable, te recomendamos que te aproximes a algunas plazas no tan tur\u00edsticas pero llenas de vida, como Tirso de Molina (llegando a Lavapi\u00e9s), Santa Ana (Barrio de las Letras), o San Andr\u00e9s (zona de la Latina).\n<p><\/span><\/li>\n<li style=\"font-weight: 400;\" aria-level=\"1\"><span style=\"font-weight: 400;\">Si est\u00e1s un domingo o festivo en Madrid, debes dejarte caer por El Rastro, el mercado callejero m\u00e1s emblem\u00e1tico de Espa\u00f1a, uno de los m\u00e1s antiguos de la ciudad y, sin duda, el m\u00e1s castizo. En sus puestos ambulantes puedes descubrir objetos curiosos, antig\u00fcedades y mercanc\u00edas de todo tipo, por lo que puede ser un buen lugar para realizar compras. Para completar el plan y sentirte como un madrile\u00f1o m\u00e1s, puedes tomar el aperitivo en alg\u00fan bar o taberna de las inmediaciones.\n<p><\/span><\/li>\n<li style=\"font-weight: 400;\" aria-level=\"1\"><span style=\"font-weight: 400;\">Si tienes intenci\u00f3n de ir de compras, Madrid es un buen lugar para encontrar lo que buscas, ya que como gran metr\u00f3poli, tiene de todo. Para compras de marcas nacionales e internacionales, te recomendamos que recorras la Gran V\u00eda y la calle Fuencarral. En cambio, si prefieres productos m\u00e1s aut\u00e9nticos y alternativos, aconsejamos que te acerques a los barrios de Chueca o Malasa\u00f1a, donde te esperan tiendas y comercios con una marcada personalidad propia.\n<p><\/span><\/li>\n<li style=\"font-weight: 400;\" aria-level=\"1\"><span style=\"font-weight: 400;\">Ya hemos comentado que en Madrid se puede encontrar de lo mejor del resto de Espa\u00f1a, y esta premisa se cumple de nuevo si hablamos de los espect\u00e1culos de flamenco. Se trata de una circunstancia que encanta a los for\u00e1neos y que puede sorprender a muchos espa\u00f1oles, ya que Andaluc\u00eda reclama su derecho por tradici\u00f3n hist\u00f3rica y cultural, pero es cierto que Madrid es la ciudad con m\u00e1s flamenco de calidad del pa\u00eds y el lugar escogido por los mejores artistas para interpretar sus actuaciones m\u00e1s importantes. As\u00ed que, si eres un amante de este g\u00e9nero visceral y \u00fanico, aqu\u00ed tienes una buena oportunidad para disfrutarlo.\n<p><\/span><\/li>\n<li style=\"font-weight: 400;\" aria-level=\"1\"><span style=\"font-weight: 400;\">Un aspecto fundamental para conocer Madrid se descubre cuando cae el sol y la ciudad no duerme. Su animado ambiente nocturno es legendario desde la famosa Movida Madrile\u00f1a de los a\u00f1os 80 del siglo pasado, pero muchas personas (sobre todo, extranjeros) todav\u00eda se sorprenden de la cantidad de locales y discotecas que puedes encontrar abiertos cualquier d\u00eda de la semana y casi a cualquier hora. An\u00edmate y vive la noche, pero ten en cuenta que a partir de las 12 o la 1 de la madrugada es cuando encontrar\u00e1s lo m\u00e1s interesante.<\/span><\/li>\n<\/ul>\n\t\t\t\t\t\t\t\t<\/div>\n\t\t\t\t<\/div>\n\t\t\t\t\t<\/div>\n\t\t<\/div>\n\t\t\t\t\t<\/div>\n\t\t<\/section>\n\t\t\t\t<\/div>\n\t\t","protected":false},"excerpt":{"rendered":"<p>free tour Madrid \u00bfPOR QU\u00c9 VISITAR MADRID? Pongamos que hablo de Madrid\u2026 La ciudad de Madrid no solo es la capital de Espa\u00f1a, tambi\u00e9n es el centro geogr\u00e1fico y neur\u00e1lgico del pa\u00eds y el coraz\u00f3n de la Pen\u00ednsula Ib\u00e9rica. Madrid re\u00fane y aglutina lo mejor de cada rinc\u00f3n, acogiendo con los brazos abiertos a personas [&hellip;]<\/p>\n","protected":false},"author":7,"featured_media":0,"parent":6122,"menu_order":0,"comment_status":"closed","ping_status":"closed","template":"elementor_header_footer","meta":{"_jet_sm_ready_style":"","_jet_sm_style":"","_jet_sm_controls_values":"","_jet_sm_fonts_collection":"","_jet_sm_fonts_links":"","_joinchat":[],"footnotes":""},"wf_page_folders":[385],"class_list":["post-19480","page","type-page","status-publish","hentry"],"custom-ciudades":null,"_links":{"self":[{"href":"https:\/\/spainfreetours.com\/en\/wp-json\/wp\/v2\/pages\/19480","targetHints":{"allow":["GET"]}}],"collection":[{"href":"https:\/\/spainfreetours.com\/en\/wp-json\/wp\/v2\/pages"}],"about":[{"href":"https:\/\/spainfreetours.com\/en\/wp-json\/wp\/v2\/types\/page"}],"author":[{"embeddable":true,"href":"https:\/\/spainfreetours.com\/en\/wp-json\/wp\/v2\/users\/7"}],"replies":[{"embeddable":true,"href":"https:\/\/spainfreetours.com\/en\/wp-json\/wp\/v2\/comments?post=19480"}],"version-history":[{"count":2,"href":"https:\/\/spainfreetours.com\/en\/wp-json\/wp\/v2\/pages\/19480\/revisions"}],"predecessor-version":[{"id":20471,"href":"https:\/\/spainfreetours.com\/en\/wp-json\/wp\/v2\/pages\/19480\/revisions\/20471"}],"up":[{"embeddable":true,"href":"https:\/\/spainfreetours.com\/en\/wp-json\/wp\/v2\/pages\/6122"}],"wp:attachment":[{"href":"https:\/\/spainfreetours.com\/en\/wp-json\/wp\/v2\/media?parent=19480"}],"wp:term":[{"taxonomy":"wf_page_folders","embeddable":true,"href":"https:\/\/spainfreetours.com\/en\/wp-json\/wp\/v2\/wf_page_folders?post=19480"}],"curies":[{"name":"wp","href":"https:\/\/api.w.org\/{rel}","templated":true}]}}