{"id":19476,"date":"2022-07-15T12:54:34","date_gmt":"2022-07-15T10:54:34","guid":{"rendered":"https:\/\/spainfreetours.com\/tours\/gijon\/"},"modified":"2024-10-21T11:46:14","modified_gmt":"2024-10-21T09:46:14","slug":"gijon","status":"publish","type":"page","link":"https:\/\/spainfreetours.com\/en\/tours\/gijon\/","title":{"rendered":"Gijon"},"content":{"rendered":"\t\t<div data-elementor-type=\"wp-post\" data-elementor-id=\"19476\" class=\"elementor elementor-19476 elementor-6458\" data-elementor-post-type=\"page\">\n\t\t\t\t\t\t<section class=\"elementor-section elementor-top-section elementor-element elementor-element-13ca3c2 elementor-section-height-min-height elementor-section-boxed elementor-section-height-default elementor-section-items-middle\" data-id=\"13ca3c2\" data-element_type=\"section\" data-e-type=\"section\" data-settings=\"{&quot;jet_parallax_layout_list&quot;:[{&quot;jet_parallax_layout_image&quot;:{&quot;url&quot;:&quot;&quot;,&quot;id&quot;:&quot;&quot;,&quot;size&quot;:&quot;&quot;},&quot;_id&quot;:&quot;458a38c&quot;,&quot;jet_parallax_layout_image_tablet&quot;:{&quot;url&quot;:&quot;&quot;,&quot;id&quot;:&quot;&quot;,&quot;size&quot;:&quot;&quot;},&quot;jet_parallax_layout_image_mobile&quot;:{&quot;url&quot;:&quot;&quot;,&quot;id&quot;:&quot;&quot;,&quot;size&quot;:&quot;&quot;},&quot;jet_parallax_layout_speed&quot;:{&quot;unit&quot;:&quot;%&quot;,&quot;size&quot;:50,&quot;sizes&quot;:[]},&quot;jet_parallax_layout_type&quot;:&quot;scroll&quot;,&quot;jet_parallax_layout_direction&quot;:&quot;1&quot;,&quot;jet_parallax_layout_fx_direction&quot;:null,&quot;jet_parallax_layout_z_index&quot;:&quot;&quot;,&quot;jet_parallax_layout_bg_x&quot;:50,&quot;jet_parallax_layout_bg_x_tablet&quot;:&quot;&quot;,&quot;jet_parallax_layout_bg_x_mobile&quot;:&quot;&quot;,&quot;jet_parallax_layout_bg_y&quot;:50,&quot;jet_parallax_layout_bg_y_tablet&quot;:&quot;&quot;,&quot;jet_parallax_layout_bg_y_mobile&quot;:&quot;&quot;,&quot;jet_parallax_layout_bg_size&quot;:&quot;auto&quot;,&quot;jet_parallax_layout_bg_size_tablet&quot;:&quot;&quot;,&quot;jet_parallax_layout_bg_size_mobile&quot;:&quot;&quot;,&quot;jet_parallax_layout_animation_prop&quot;:&quot;transform&quot;,&quot;jet_parallax_layout_on&quot;:[&quot;desktop&quot;,&quot;tablet&quot;]}],&quot;background_background&quot;:&quot;slideshow&quot;,&quot;background_slideshow_gallery&quot;:[{&quot;id&quot;:5041,&quot;url&quot;:&quot;https:\\\/\\\/spainfreetours.com\\\/wp-content\\\/uploads\\\/2022\\\/06\\\/portada-gijon-esencial.jpg&quot;}],&quot;background_slideshow_loop&quot;:&quot;yes&quot;,&quot;background_slideshow_slide_duration&quot;:5000,&quot;background_slideshow_slide_transition&quot;:&quot;fade&quot;,&quot;background_slideshow_transition_duration&quot;:500}\">\n\t\t\t\t\t\t<div class=\"elementor-container elementor-column-gap-default\">\n\t\t\t\t\t<div class=\"elementor-column elementor-col-100 elementor-top-column elementor-element elementor-element-1ede690\" data-id=\"1ede690\" data-element_type=\"column\" data-e-type=\"column\">\n\t\t\t<div class=\"elementor-widget-wrap elementor-element-populated\">\n\t\t\t\t\t\t<div class=\"elementor-element elementor-element-b3c068d elementor-widget elementor-widget-heading\" data-id=\"b3c068d\" data-element_type=\"widget\" data-e-type=\"widget\" data-widget_type=\"heading.default\">\n\t\t\t\t<div class=\"elementor-widget-container\">\n\t\t\t\t\t<h1 class=\"elementor-heading-title elementor-size-default\"><b>free tour<\/b>  GIJ\u00d3N<\/h1>\t\t\t\t<\/div>\n\t\t\t\t<\/div>\n\t\t\t\t\t<\/div>\n\t\t<\/div>\n\t\t\t\t\t<\/div>\n\t\t<\/section>\n\t\t\t\t<section class=\"elementor-section elementor-top-section elementor-element elementor-element-12d9df48 elementor-section-boxed elementor-section-height-default elementor-section-height-default\" data-id=\"12d9df48\" data-element_type=\"section\" data-e-type=\"section\" id=\"tour\" data-settings=\"{&quot;jet_parallax_layout_list&quot;:[{&quot;jet_parallax_layout_image&quot;:{&quot;url&quot;:&quot;&quot;,&quot;id&quot;:&quot;&quot;,&quot;size&quot;:&quot;&quot;},&quot;_id&quot;:&quot;c82f096&quot;,&quot;jet_parallax_layout_speed&quot;:{&quot;unit&quot;:&quot;%&quot;,&quot;size&quot;:50,&quot;sizes&quot;:[]},&quot;jet_parallax_layout_image_tablet&quot;:{&quot;url&quot;:&quot;&quot;,&quot;id&quot;:&quot;&quot;,&quot;size&quot;:&quot;&quot;},&quot;jet_parallax_layout_image_mobile&quot;:{&quot;url&quot;:&quot;&quot;,&quot;id&quot;:&quot;&quot;,&quot;size&quot;:&quot;&quot;},&quot;jet_parallax_layout_type&quot;:&quot;scroll&quot;,&quot;jet_parallax_layout_direction&quot;:&quot;1&quot;,&quot;jet_parallax_layout_fx_direction&quot;:null,&quot;jet_parallax_layout_z_index&quot;:&quot;&quot;,&quot;jet_parallax_layout_bg_x&quot;:50,&quot;jet_parallax_layout_bg_x_tablet&quot;:&quot;&quot;,&quot;jet_parallax_layout_bg_x_mobile&quot;:&quot;&quot;,&quot;jet_parallax_layout_bg_y&quot;:50,&quot;jet_parallax_layout_bg_y_tablet&quot;:&quot;&quot;,&quot;jet_parallax_layout_bg_y_mobile&quot;:&quot;&quot;,&quot;jet_parallax_layout_bg_size&quot;:&quot;auto&quot;,&quot;jet_parallax_layout_bg_size_tablet&quot;:&quot;&quot;,&quot;jet_parallax_layout_bg_size_mobile&quot;:&quot;&quot;,&quot;jet_parallax_layout_animation_prop&quot;:&quot;transform&quot;,&quot;jet_parallax_layout_on&quot;:[&quot;desktop&quot;,&quot;tablet&quot;]}]}\">\n\t\t\t\t\t\t<div class=\"elementor-container elementor-column-gap-default\">\n\t\t\t\t\t<div class=\"elementor-column elementor-col-100 elementor-top-column elementor-element elementor-element-6b1f411f\" data-id=\"6b1f411f\" data-element_type=\"column\" data-e-type=\"column\">\n\t\t\t<div class=\"elementor-widget-wrap elementor-element-populated\">\n\t\t\t\t\t\t<div class=\"elementor-element elementor-element-72bf3bc6 elementor-widget elementor-widget-jet-listing-grid\" data-id=\"72bf3bc6\" data-element_type=\"widget\" data-e-type=\"widget\" id=\"listing-main\" data-settings=\"{&quot;columns&quot;:&quot;3&quot;,&quot;columns_tablet&quot;:&quot;1&quot;,&quot;columns_mobile&quot;:&quot;1&quot;}\" data-widget_type=\"jet-listing-grid.default\">\n\t\t\t\t<div class=\"elementor-widget-container\">\n\t\t\t\t\t<div class=\"jet-listing-grid jet-listing-grid--lazy-load jet-listing jet-listing-grid-loading\" data-lazy-load=\"{&quot;offset&quot;:&quot;0px&quot;,&quot;post_id&quot;:19476,&quot;queried_id&quot;:&quot;19476|WP_Post&quot;}\"><div class=\"jet-listing-grid__loader\"><div class=\"jet-listing-grid__loader-spinner\"><\/div><\/div><\/div>\t\t\t\t<\/div>\n\t\t\t\t<\/div>\n\t\t\t\t<div class=\"elementor-element elementor-element-6695a55 elementor-widget elementor-widget-heading\" data-id=\"6695a55\" data-element_type=\"widget\" data-e-type=\"widget\" data-widget_type=\"heading.default\">\n\t\t\t\t<div class=\"elementor-widget-container\">\n\t\t\t\t\t<h2 class=\"elementor-heading-title elementor-size-default\">Free Tours en Gij\u00f3n, la capital de la Costa Verde<\/h2>\t\t\t\t<\/div>\n\t\t\t\t<\/div>\n\t\t\t\t<div class=\"elementor-element elementor-element-1bc2e10 elementor-widget elementor-widget-text-editor\" data-id=\"1bc2e10\" data-element_type=\"widget\" data-e-type=\"widget\" data-widget_type=\"text-editor.default\">\n\t\t\t\t<div class=\"elementor-widget-container\">\n\t\t\t\t\t\t\t\t\t<p>A la vera del Cant\u00e1brico encontramos Gij\u00f3n; dicen que los romanos se enamoraron de esta ciudad y por eso dejaron un importante legado en ella. <strong>D\u00e9jate conquistar<\/strong> por el contraste entre su historia, su car\u00e1cter rural y minero, pero tambi\u00e9n vanguardista.<\/p>\n<p>Est\u00e1s a punto de descubrir una de las <strong>ciudades m\u00e1s cautivadores del norte de Espa\u00f1a<\/strong>, con un patrimonio \u00fanico \u00bfHas escuchado hablar de su caracter\u00edstico barrio de pescadores? \u00bfImaginas las espectaculares vistas desde el cerro de Santa Catalina? \u00bfSab\u00edas que el Camino de Santiago atraviesa la ciudad por su ruta costera?<\/p>\n<p>Pero Gij\u00f3n esconde muchos <strong>espacios que son imprescindibles en tu visita y que te sorprender\u00e1n<\/strong>: playas, barrios, monumentos, edificios, obras de arte\u2026 cuya sinergia con el entorno convierte a esta ciudad asturiana en un lugar con encanto propio.<\/p>\n<p>Pasea por la Playa de San Lorenzo, un gran arenal urbano en forma de concha de casi dos kil\u00f3metros; por la Playa de Poniente, conocida por la pr\u00e1ctica de deportes n\u00e1uticos; pi\u00e9rdete por el bello paisaje del entorno gijon\u00e9s mientras visitas el Jard\u00edn Bot\u00e1nico, el Acuario o el Laboral Ciudad de la Cultura.<\/p>\n<p>Un paseo por la ciudad no solo te descubrir\u00e1 los monumentos m\u00e1s relevantes, tambi\u00e9n te sumergir\u00e1 en un <strong>viaje hist\u00f3rico<\/strong> que une los asentamientos neol\u00edticos con el Gij\u00f3n del siglo XXI. Ac\u00e9rcate a su cultura con una visita al Museo del Pueblo de Asturias.<\/p>\n<p>Y por supuesto, no te marches de Gij\u00f3n sin <strong>disfrutar de una panor\u00e1mica maravillosa<\/strong> junto a la escultura del Elogio del Horizonte de Chillida.<\/p>\n\t\t\t\t\t\t\t\t<\/div>\n\t\t\t\t<\/div>\n\t\t\t\t<div class=\"elementor-element elementor-element-3485583 elementor-widget elementor-widget-heading\" data-id=\"3485583\" data-element_type=\"widget\" data-e-type=\"widget\" data-widget_type=\"heading.default\">\n\t\t\t\t<div class=\"elementor-widget-container\">\n\t\t\t\t\t<h2 class=\"elementor-heading-title elementor-size-default\">\u00bfQu\u00e9 vamos a ver en Gij\u00f3n?<\/h2>\t\t\t\t<\/div>\n\t\t\t\t<\/div>\n\t\t\t\t<div class=\"elementor-element elementor-element-83e084d elementor-widget elementor-widget-text-editor\" data-id=\"83e084d\" data-element_type=\"widget\" data-e-type=\"widget\" data-widget_type=\"text-editor.default\">\n\t\t\t\t<div class=\"elementor-widget-container\">\n\t\t\t\t\t\t\t\t\t<p>Desde el m\u00edtico punto de encuentro para los gijoneses, la Escalerona, os proponemos una cita maravillosa de la mano de nuestro anfitri\u00f3n Isaac, que te espera para descubrirte la ciudad de Gij\u00f3n. El olor a sal y la brisa marina nos dar\u00e1n la bienvenida a un tour por esta ciudad portuaria repleta de an\u00e9cdotas, historias, cultura y arte.<\/p>\n<p>En nuestros primeros pasos <strong>tendremos la oportunidad de saludar al C\u00e9sar<\/strong>, quien nos contar\u00e1 c\u00f3mo eran los habitantes de Gij\u00f3n durante su pasado romano. Las termas de dicha \u00e9poca ser\u00e1n parada obligatoria durante nuestro recorrido bordeando la playa.<\/p>\n<p>A continuaci\u00f3n, coronando el Paseo Mar\u00edtimo, nos encontraremos con la Iglesia de San Pedro, una <strong>preciosa edificaci\u00f3n s\u00edmbolo de nuestra ciudad<\/strong>. \u00bfSab\u00edas que tanto las termas como la iglesia se sit\u00faan en el llamado Campo Vald\u00e9s?<\/p>\n<p>Nuestros pasos nos llevar\u00e1n a la Plaza Mayor hasta adentrarnos en el barrio de Cimadevilla, el casco viejo de Gij\u00f3n. En \u00e9l encontraremos edificios tan caracter\u00edsticos como el Palacio de los Vald\u00e9s, el de Revillagigedo y la Torre del Reloj.<\/p>\n<p>En la Plaza del Marqu\u00e9s veremos el Monumento a Don Pelayo, <strong>fundador del Reino de Asturias<\/strong> por frenar la expansi\u00f3n hacia el norte de los musulmanes.<\/p>\n<p>\u00a1Pero nos quedan otros personajes que conocer! A pocos metros nos toparemos con la casa del mism\u00edsimo Jovellanos, quien nos susurrar\u00e1 sus <strong>ideas ilustradas<\/strong> antes de continuar nuestro recorrido.<\/p>\n<p>No podr\u00eda faltar un poco de gastronom\u00eda y cultura popular en el tour, \u00bfsabes cu\u00e1l es el tesoro l\u00edquido de Asturias? \u00bfCu\u00e1l es el plato t\u00edpico? Te daremos un <strong>mont\u00f3n de recomendaciones mientras callejeamos<\/strong> por la villa marinera de Cimadevilla.<\/p>\n<p>\u00a1D\u00e9jate sobrecoger por la inmensidad del Cant\u00e1brico de la mano de Chillida! Y por supuesto, te hablaremos del Gij\u00f3n m\u00e1s moderno, cultural e indie, descubri\u00e9ndote aspectos de la m\u00fasica, el cine y la literatura gijonesa.<\/p>\n\t\t\t\t\t\t\t\t<\/div>\n\t\t\t\t<\/div>\n\t\t\t\t<div class=\"elementor-element elementor-element-ad1e860 elementor-widget elementor-widget-heading\" data-id=\"ad1e860\" data-element_type=\"widget\" data-e-type=\"widget\" data-widget_type=\"heading.default\">\n\t\t\t\t<div class=\"elementor-widget-container\">\n\t\t\t\t\t<h2 class=\"elementor-heading-title elementor-size-default\">Algunos consejos sobre la ciudad de Gij\u00f3n<\/h2>\t\t\t\t<\/div>\n\t\t\t\t<\/div>\n\t\t\t\t<div class=\"elementor-element elementor-element-292f245 elementor-widget elementor-widget-text-editor\" data-id=\"292f245\" data-element_type=\"widget\" data-e-type=\"widget\" data-widget_type=\"text-editor.default\">\n\t\t\t\t<div class=\"elementor-widget-container\">\n\t\t\t\t\t\t\t\t\t<p>Gij\u00f3n, una de las ciudades m\u00e1s visitadas del norte, con muchos rincones que te sorprender\u00e1n. Aqu\u00ed te hemos preparado unos consejos para que la disfrutes y no te pierdas detalle:<\/p>\n<p>\u00a0<\/p>\n<ul>\n<li><strong>Escancia sidra como un aut\u00e9ntico asturiano.<\/strong> La sidra es el l\u00edquido patrio por excelencia ya que est\u00e1 muy arraigada a su historia y cultura popular. No pierdas la ocasi\u00f3n de visitar un llagar, puede ser una de las experiencias m\u00e1s divertidas que hayas vivido y ya que estamos, \u00bfaceptas el reto de escanciar un \u201cculete o cul\u00edn\u201d?<\/li>\n<\/ul>\n<ul>\n<li><strong>Sum\u00e9rgete en la gastronom\u00eda asturiana<\/strong>. Tienes que saber que sabes que es improbable que te quedes con hambre despu\u00e9s de visitar Gij\u00f3n, Asturias y comida van juntos de la mano. No solo puedes degustar una deliciosa fabada, prep\u00e1rate para descubrir platos t\u00edpicos como el cachopo, el chorizo a la sidra, el pastel de cabracho, el <em>pix\u00edn<\/em> y un largo etc\u00e9tera.<\/li>\n<\/ul>\n<ul>\n<li><strong>Pasea por el puerto y s\u00e1cate una foto con las letras gigantes de Gij\u00f3n<\/strong>. Habr\u00e1 que alardear un poco de lo bien que lo estamos pasando en Asturias, \u00bfno?<\/li>\n<\/ul>\n<ul>\n<li><strong>Rel\u00e1jate mientras paseas por el Paseo de la Playa de San Lorenzo.<\/strong> Es quiz\u00e1s una de las panor\u00e1micas m\u00e1s id\u00edlicas de la ciudad, pero hay que caminarlo para disfrutarlo como toca.<\/li>\n<\/ul>\n<ul>\n<li><strong>Visita el icono de la ciudad, el Elogio del Horizonte de Chillida.<\/strong> Uno de los lugares m\u00e1s especiales de la ciudad es el Cerro de Santa Catalina, con su maravilloso s\u00edmbolo. Indescriptible, solo cierra los ojos y disfruta de la experiencia.<\/li>\n<\/ul>\n<ul>\n<li><strong>No dejes a tu mascota en casa, Gij\u00f3n un destino muy recomendable para visitar con tu mascota.<\/strong> Gij\u00f3n se ha convertido en una de las ciudades m\u00e1s <em>dog friendly<\/em> de Espa\u00f1a, con multitud de comercios, bares, sidrer\u00edas, cafeter\u00edas\u2026 que se declaran amigas de los perros y que facilitan el d\u00eda a d\u00eda a quienes viven con mascota.<\/li>\n<\/ul>\n<p><strong>Disfruta conociendo los alrededores de Gij\u00f3n.<\/strong> Si vas a quedarte unos d\u00edas en Gij\u00f3n, te aconsejamos que no te pierdas sus alrededores; a menos de una hora de la ciudad encontrar\u00e1s pueblos con much\u00edsimo encanto: Cudillero, Tazones, Lastres, Luarca\u2026<\/p>\n\t\t\t\t\t\t\t\t<\/div>\n\t\t\t\t<\/div>\n\t\t\t\t<div class=\"elementor-element elementor-element-6f82977 elementor-align-center elementor-widget elementor-widget-button\" data-id=\"6f82977\" data-element_type=\"widget\" data-e-type=\"widget\" data-widget_type=\"button.default\">\n\t\t\t\t<div class=\"elementor-widget-container\">\n\t\t\t\t\t\t\t\t\t<div class=\"elementor-button-wrapper\">\n\t\t\t\t\t<a class=\"elementor-button elementor-button-link elementor-size-sm elementor-animation-grow\" href=\"#tour\">\n\t\t\t\t\t\t<span class=\"elementor-button-content-wrapper\">\n\t\t\t\t\t\t\t\t\t<span class=\"elementor-button-text\">VER LOS TOURS<\/span>\n\t\t\t\t\t<\/span>\n\t\t\t\t\t<\/a>\n\t\t\t\t<\/div>\n\t\t\t\t\t\t\t\t<\/div>\n\t\t\t\t<\/div>\n\t\t\t\t\t<\/div>\n\t\t<\/div>\n\t\t\t\t\t<\/div>\n\t\t<\/section>\n\t\t\t\t<\/div>\n\t\t","protected":false},"excerpt":{"rendered":"<p>free tour GIJ\u00d3N Free Tours en Gij\u00f3n, la capital de la Costa Verde A la vera del Cant\u00e1brico encontramos Gij\u00f3n; dicen que los romanos se enamoraron de esta ciudad y por eso dejaron un importante legado en ella. D\u00e9jate conquistar por el contraste entre su historia, su car\u00e1cter rural y minero, pero tambi\u00e9n vanguardista. Est\u00e1s [&hellip;]<\/p>\n","protected":false},"author":7,"featured_media":0,"parent":6122,"menu_order":0,"comment_status":"closed","ping_status":"closed","template":"elementor_header_footer","meta":{"_jet_sm_ready_style":"","_jet_sm_style":"","_jet_sm_controls_values":"","_jet_sm_fonts_collection":"","_jet_sm_fonts_links":"","_joinchat":[],"footnotes":""},"wf_page_folders":[385],"class_list":["post-19476","page","type-page","status-publish","hentry"],"custom-ciudades":null,"_links":{"self":[{"href":"https:\/\/spainfreetours.com\/en\/wp-json\/wp\/v2\/pages\/19476","targetHints":{"allow":["GET"]}}],"collection":[{"href":"https:\/\/spainfreetours.com\/en\/wp-json\/wp\/v2\/pages"}],"about":[{"href":"https:\/\/spainfreetours.com\/en\/wp-json\/wp\/v2\/types\/page"}],"author":[{"embeddable":true,"href":"https:\/\/spainfreetours.com\/en\/wp-json\/wp\/v2\/users\/7"}],"replies":[{"embeddable":true,"href":"https:\/\/spainfreetours.com\/en\/wp-json\/wp\/v2\/comments?post=19476"}],"version-history":[{"count":1,"href":"https:\/\/spainfreetours.com\/en\/wp-json\/wp\/v2\/pages\/19476\/revisions"}],"predecessor-version":[{"id":19477,"href":"https:\/\/spainfreetours.com\/en\/wp-json\/wp\/v2\/pages\/19476\/revisions\/19477"}],"up":[{"embeddable":true,"href":"https:\/\/spainfreetours.com\/en\/wp-json\/wp\/v2\/pages\/6122"}],"wp:attachment":[{"href":"https:\/\/spainfreetours.com\/en\/wp-json\/wp\/v2\/media?parent=19476"}],"wp:term":[{"taxonomy":"wf_page_folders","embeddable":true,"href":"https:\/\/spainfreetours.com\/en\/wp-json\/wp\/v2\/wf_page_folders?post=19476"}],"curies":[{"name":"wp","href":"https:\/\/api.w.org\/{rel}","templated":true}]}}